{"id":310,"date":"2020-01-27T15:51:18","date_gmt":"2020-01-27T14:51:18","guid":{"rendered":"https:\/\/gts-serwis.pl\/?page_id=310"},"modified":"2025-10-26T20:13:53","modified_gmt":"2025-10-26T19:13:53","slug":"auto-detailing-krakow","status":"publish","type":"page","link":"https:\/\/gts-serwis.pl\/en\/detailing\/","title":{"rendered":"Detailing"},"content":{"rendered":"<div data-elementor-type=\"wp-page\" data-elementor-id=\"310\" class=\"elementor elementor-310\" data-elementor-post-type=\"page\">\n\t\t\t\t<div class=\"elementor-element elementor-element-767bf0c4 e-con-full e-flex e-con e-parent\" data-id=\"767bf0c4\" data-element_type=\"container\" data-settings=\"{&quot;background_background&quot;:&quot;classic&quot;}\">\n\t\t<div class=\"elementor-element elementor-element-1a23887 e-flex e-con-boxed e-con e-child\" data-id=\"1a23887\" data-element_type=\"container\">\n\t\t\t\t\t<div class=\"e-con-inner\">\n\t\t\t\t<div class=\"elementor-element elementor-element-79ef370f elementor-widget elementor-widget-text-editor\" data-id=\"79ef370f\" data-element_type=\"widget\" data-widget_type=\"text-editor.default\">\n\t\t\t\t\t\t\t\t\t<h1>Auto detailing w GTS Serwis<\/h1><p>Auto detailing w naszym serwisie to kompleksowa, profesjonalna piel\u0119gnacja samochod\u00f3w marek premium. To dzi\u0119ki tej us\u0142udze jeste\u015bmy w stanie przywr\u00f3ci\u0107 i utrzyma\u0107 perfekcyjny wygl\u0105d pojazdu zar\u00f3wno na zewn\u0105trz, jak i wewn\u0105trz.<\/p><p>Dzi\u0119ki do\u015bwiadczeniu i pasji naszych specjalist\u00f3w, ka\u017cdy samoch\u00f3d otrzymuje indywidualn\u0105 opiek\u0119, a wszystkie zabiegi wykonujemy z najwy\u017csz\u0105 staranno\u015bci\u0105 i precyzj\u0105.<\/p><h2>Kompleksowy detailing<\/h2><p>Us\u0142uga obejmuje wieloetapowe czyszczenie i renowacj\u0119 lakieru, w tym usuwanie rys, polerowanie i aplikacj\u0119 pow\u0142ok ochronnych, kt\u00f3re zabezpieczaj\u0105 karoseri\u0119 przed zarysowaniami, promieniowaniem UV i zabrudzeniami. Dodatkowo, nasi specjali\u015bci zajmuj\u0105 si\u0119 tapicerk\u0105 samochodow\u0105 &#8211; jej czyszczeniem, konserwacj\u0105 i piel\u0119gnacj\u0105 sk\u00f3rzanych i materia\u0142owych wn\u0119trz. Dzi\u0119ki temu auto nie tylko wygl\u0105da\u0107 b\u0119dzie jak nowe, ale r\u00f3wnie\u017c zapewni komfort i \u015bwie\u017co\u015b\u0107 w \u015brodku.<\/p><p>W ramach auto detailingu z GTS Serwis w Krakowie dbamy r\u00f3wnie\u017c o felgi, szyby, reflektory i ka\u017cdy detal pojazdu. Dok\u0142adne czyszczenie trudno dost\u0119pnych miejsc, zastosowanie profesjonalnych preparat\u00f3w i pow\u0142ok ochronnych sprawia, \u017ce samoch\u00f3d jest w pe\u0142ni zabezpieczony i prezentuje si\u0119 perfekcyjnie.<\/p><h3>Dlaczego warto wybra\u0107 GTS Serwis?<\/h3><p>Auto detailing z GTS Serwis w Krakowie to nie tylko gruntowne mycie, piel\u0119gnacja i renowacja. To r\u00f3wnie\u017c inwestycja w przysz\u0142\u0105 warto\u015b\u0107 auta i jego estetyk\u0119. Dzi\u0119ki naszym us\u0142ugom ka\u017cdy samoch\u00f3d zachowuje nienaganny wygl\u0105d, niezale\u017cnie od wieku i stanu pocz\u0105tkowego, a w\u0142a\u015bciciele mog\u0105 cieszy\u0107 si\u0119 luksusowym, czystym i zabezpieczonym pojazdem. O jako\u015bci naszych us\u0142ug \u015bwiadcz\u0105 samochody, kt\u00f3re regularnie obs\u0142ugujemy oraz ich zadowoleni w\u0142a\u015bciciele. Bez wzgl\u0119du na to czy s\u0105 oni posiadaczami Porsche, Maserati, Bentleya czy Astona Martina.<\/p><p>Ponadto t\u0119 us\u0142ug\u0119 zrealizowa\u0107 mog\u0105 Pa\u0144stwo przy okazji rutynowego przegl\u0105du samochodu, wymaganej naprawy, czy likwidacji szkody komunikacyjnej. Bez konieczno\u015bci czasoch\u0142onnej jazdy w inne miejsce.<\/p><h4>Kontakt i wycena indywidualna<\/h4><p>Decyduj\u0105c si\u0119 na nasze us\u0142ugi, zyskaj\u0105 Pa\u0144stwo nie tylko komfort. Otrzymaj\u0105 Pa\u0144stwo tak\u017ce bezpiecze\u0144stwo i pewno\u015b\u0107, \u017ce Pa\u0144stwa samoch\u00f3d potraktujemy z najwy\u017csz\u0105 staranno\u015bci\u0105.<\/p><p><a href=\"https:\/\/gts-serwis.pl\/en\/contact\/\">Skontaktuj si\u0119 z GTS Serwis<\/a>, aby um\u00f3wi\u0107 wizyt\u0119, pozna\u0107 szczeg\u00f3\u0142y us\u0142ug lub zapyta\u0107 o indywidualn\u0105 wycen\u0119.<a href=\"https:\/\/gts-serwis.pl\/wp-content\/uploads\/2025\/10\/GTS-logo-serwis-samochodow-premium.png\"><img loading=\"lazy\" decoding=\"async\" class=\"size-thumbnail wp-image-2839 alignright\" src=\"https:\/\/gts-serwis.pl\/wp-content\/uploads\/2025\/10\/GTS-logo-serwis-samochodow-premium-150x150.png\" alt=\"GTS Serwis serwis samochod\u00f3w premium, auto detailing, detailing, \" width=\"150\" height=\"150\" srcset=\"https:\/\/gts-serwis.pl\/wp-content\/uploads\/2025\/10\/GTS-logo-serwis-samochodow-premium-150x150.png 150w, https:\/\/gts-serwis.pl\/wp-content\/uploads\/2025\/10\/GTS-logo-serwis-samochodow-premium-300x300.png 300w, https:\/\/gts-serwis.pl\/wp-content\/uploads\/2025\/10\/GTS-logo-serwis-samochodow-premium-1024x1024.png 1024w, https:\/\/gts-serwis.pl\/wp-content\/uploads\/2025\/10\/GTS-logo-serwis-samochodow-premium-768x768.png 768w, https:\/\/gts-serwis.pl\/wp-content\/uploads\/2025\/10\/GTS-logo-serwis-samochodow-premium-12x12.png 12w, https:\/\/gts-serwis.pl\/wp-content\/uploads\/2025\/10\/GTS-logo-serwis-samochodow-premium.png 1102w\" sizes=\"auto, (max-width: 150px) 100vw, 150px\" \/><\/a><\/p>\t\t\t\t\t\t\t\t<\/div>\n\t\t\t\t\t<\/div>\n\t\t\t\t<\/div>\n\t\t\t\t<\/div>\n\t\t\t\t<\/div>","protected":false},"excerpt":{"rendered":"<p>Auto detailing w GTS Serwis<br \/>\nAuto detailing w naszym serwisie to kompleksowa, profesjonalna piel\u0119gnacja samochod\u00f3w marek premium. To dzi\u0119ki tej us\u0142udze jeste\u015bmy w stanie przywr\u00f3ci\u0107 i utrzyma\u0107 perfekcyjny wygl\u0105d pojazdu zar\u00f3wno na zewn\u0105trz, jak i wewn\u0105trz.<\/p>\n<p>Dzi\u0119ki do\u015bwiadczeniu i pasji naszych specjalist\u00f3w, ka\u017cdy samoch\u00f3d otrzymuje indywidualn\u0105 opiek\u0119, a wszystkie zabiegi wykonujemy z najwy\u017csz\u0105 staranno\u015bci\u0105 i precyzj\u0105.<br \/>\nKompleksowy detailing<br \/>\nUs\u0142uga obejmuje wieloetapowe czyszczenie i renowacj\u0119 lakieru, w tym usuwanie rys, polerowanie i aplikacj\u0119 pow\u0142ok ochronnych, kt\u00f3re zabezpieczaj\u0105 karoseri\u0119 przed zarysowaniami, promieniowaniem UV i zabrudzeniami. Dodatkowo, nasi specjali\u015bci zajmuj\u0105 si\u0119 tapicerk\u0105 samochodow\u0105 &#8211; jej czyszczeniem, konserwacj\u0105 i piel\u0119gnacj\u0105 sk\u00f3rzanych i materia\u0142owych wn\u0119trz. Dzi\u0119ki temu auto nie tylko wygl\u0105da\u0107 b\u0119dzie jak nowe, ale r\u00f3wnie\u017c zapewni komfort i \u015bwie\u017co\u015b\u0107 w \u015brodku.<\/p>\n<p>W ramach auto detailingu z GTS Serwis w Krakowie dbamy r\u00f3wnie\u017c o felgi, szyby, reflektory i ka\u017cdy detal pojazdu. Dok\u0142adne czyszczenie trudno dost\u0119pnych miejsc, zastosowanie profesjonalnych preparat\u00f3w i pow\u0142ok ochronnych sprawia, \u017ce samoch\u00f3d jest w pe\u0142ni zabezpieczony i prezentuje si\u0119 perfekcyjnie.<br \/>\nDlaczego warto wybra\u0107 GTS Serwis?<br \/>\nAuto detailing z GTS Serwis w Krakowie to nie tylko gruntowne mycie, piel\u0119gnacja i renowacja. To r\u00f3wnie\u017c inwestycja w przysz\u0142\u0105 warto\u015b\u0107 auta i jego estetyk\u0119. Dzi\u0119ki naszym us\u0142ugom ka\u017cdy samoch\u00f3d zachowuje nienaganny wygl\u0105d, niezale\u017cnie od wieku i stanu pocz\u0105tkowego, a w\u0142a\u015bciciele mog\u0105 cieszy\u0107 si\u0119 luksusowym, czystym i zabezpieczonym pojazdem. O jako\u015bci naszych us\u0142ug \u015bwiadcz\u0105 samochody, kt\u00f3re regularnie obs\u0142ugujemy oraz ich zadowoleni w\u0142a\u015bciciele. Bez wzgl\u0119du na to czy s\u0105 oni posiadaczami Porsche, Maserati, Bentleya czy Astona Martina.<\/p>\n<p>Ponadto t\u0119 us\u0142ug\u0119 zrealizowa\u0107 mog\u0105 Pa\u0144stwo przy okazji rutynowego przegl\u0105du samochodu, wymaganej naprawy, czy likwidacji szkody komunikacyjnej. Bez konieczno\u015bci czasoch\u0142onnej jazdy w inne miejsce.<br \/>\nKontakt i wycena indywidualna<br \/>\nDecyduj\u0105c si\u0119 na nasze us\u0142ugi, zyskaj\u0105 Pa\u0144stwo nie tylko komfort. Otrzymaj\u0105 Pa\u0144stwo tak\u017ce bezpiecze\u0144stwo i pewno\u015b\u0107, \u017ce Pa\u0144stwa samoch\u00f3d potraktujemy z najwy\u017csz\u0105 staranno\u015bci\u0105.<\/p>\n<p>Skontaktuj si\u0119 z GTS Serwis, aby um\u00f3wi\u0107 wizyt\u0119, pozna\u0107 szczeg\u00f3\u0142y us\u0142ug lub zapyta\u0107 o indywidualn\u0105 wycen\u0119.<\/p>","protected":false},"author":1,"featured_media":0,"parent":0,"menu_order":0,"comment_status":"closed","ping_status":"closed","template":"","meta":{"footnotes":""},"tags":[],"class_list":["post-310","page","type-page","status-publish","hentry"],"yoast_head":"<!-- This site is optimized with the Yoast SEO Premium plugin v23.4 (Yoast SEO v27.4) - https:\/\/yoast.com\/product\/yoast-seo-premium-wordpress\/ -->\n<title>Auto detailing z GTS Serwis w Krakowie<\/title>\n<meta name=\"description\" content=\"Auto detailing oraz serwis i naprawy samochod\u00f3w premium w jednym miejscu. Zadbaj o ka\u017cdy detal swojego pojazdu z GTS Serwis w Krakowie.\" \/>\n<meta name=\"robots\" content=\"index, follow, max-snippet:-1, max-image-preview:large, max-video-preview:-1\" \/>\n<link rel=\"canonical\" href=\"https:\/\/gts-serwis.pl\/en\/detailing\/\" \/>\n<meta property=\"og:locale\" content=\"en_GB\" \/>\n<meta property=\"og:type\" content=\"article\" \/>\n<meta property=\"og:title\" content=\"Auto detailing samochodu premium w GTS Serwis\" \/>\n<meta property=\"og:description\" content=\"Auto detailing oraz serwis i naprawy samochod\u00f3w premium w jednym miejscu. Zadbaj o ka\u017cdy detal swojego pojazdu z GTS Serwis w Krakowie.\" \/>\n<meta property=\"og:url\" content=\"https:\/\/gts-serwis.pl\/en\/detailing\/\" \/>\n<meta property=\"og:site_name\" content=\"GTS Serwis\" \/>\n<meta property=\"article:publisher\" content=\"https:\/\/www.facebook.com\/GTSserwis\" \/>\n<meta property=\"article:modified_time\" content=\"2025-10-26T19:13:53+00:00\" \/>\n<meta property=\"og:image\" content=\"https:\/\/gts-serwis.pl\/wp-content\/uploads\/2024\/04\/mdw1253_A_frame_showing_the_interior_of_the_Porsche_Cayene_fr_84af6772-795a-4b96-9b5c-ac12bdc7b027_0.webp\" \/>\n\t<meta property=\"og:image:width\" content=\"1232\" \/>\n\t<meta property=\"og:image:height\" content=\"928\" \/>\n\t<meta property=\"og:image:type\" content=\"image\/webp\" \/>\n<meta name=\"twitter:card\" content=\"summary_large_image\" \/>\n<meta name=\"twitter:title\" content=\"Detailing\" \/>\n<meta name=\"twitter:label1\" content=\"Estimated reading time\" \/>\n\t<meta name=\"twitter:data1\" content=\"3 minutes\" \/>\n<script type=\"application\/ld+json\" class=\"yoast-schema-graph\">{\"@context\":\"https:\\\/\\\/schema.org\",\"@graph\":[{\"@type\":\"WebPage\",\"@id\":\"https:\\\/\\\/gts-serwis.pl\\\/auto-detailing-krakow\\\/\",\"url\":\"https:\\\/\\\/gts-serwis.pl\\\/auto-detailing-krakow\\\/\",\"name\":\"Auto detailing z GTS Serwis w Krakowie\",\"isPartOf\":{\"@id\":\"https:\\\/\\\/gts-serwis.pl\\\/#website\"},\"primaryImageOfPage\":{\"@id\":\"https:\\\/\\\/gts-serwis.pl\\\/auto-detailing-krakow\\\/#primaryimage\"},\"image\":{\"@id\":\"https:\\\/\\\/gts-serwis.pl\\\/auto-detailing-krakow\\\/#primaryimage\"},\"thumbnailUrl\":\"https:\\\/\\\/gts-serwis.pl\\\/wp-content\\\/uploads\\\/2025\\\/10\\\/GTS-logo-serwis-samochodow-premium-150x150.png\",\"datePublished\":\"2020-01-27T14:51:18+00:00\",\"dateModified\":\"2025-10-26T19:13:53+00:00\",\"description\":\"Auto detailing oraz serwis i naprawy samochod\u00f3w premium w jednym miejscu. Zadbaj o ka\u017cdy detal swojego pojazdu z GTS Serwis w Krakowie.\",\"breadcrumb\":{\"@id\":\"https:\\\/\\\/gts-serwis.pl\\\/auto-detailing-krakow\\\/#breadcrumb\"},\"inLanguage\":\"en-GB\",\"potentialAction\":[{\"@type\":\"ReadAction\",\"target\":[\"https:\\\/\\\/gts-serwis.pl\\\/auto-detailing-krakow\\\/\"]}]},{\"@type\":\"ImageObject\",\"inLanguage\":\"en-GB\",\"@id\":\"https:\\\/\\\/gts-serwis.pl\\\/auto-detailing-krakow\\\/#primaryimage\",\"url\":\"https:\\\/\\\/gts-serwis.pl\\\/wp-content\\\/uploads\\\/2025\\\/10\\\/GTS-logo-serwis-samochodow-premium-150x150.png\",\"contentUrl\":\"https:\\\/\\\/gts-serwis.pl\\\/wp-content\\\/uploads\\\/2025\\\/10\\\/GTS-logo-serwis-samochodow-premium-150x150.png\"},{\"@type\":\"BreadcrumbList\",\"@id\":\"https:\\\/\\\/gts-serwis.pl\\\/auto-detailing-krakow\\\/#breadcrumb\",\"itemListElement\":[{\"@type\":\"ListItem\",\"position\":1,\"name\":\"Home\",\"item\":\"https:\\\/\\\/gts-serwis.pl\\\/\"},{\"@type\":\"ListItem\",\"position\":2,\"name\":\"Detailing\"}]},{\"@type\":\"WebSite\",\"@id\":\"https:\\\/\\\/gts-serwis.pl\\\/#website\",\"url\":\"https:\\\/\\\/gts-serwis.pl\\\/\",\"name\":\"GTS Serwis\",\"description\":\"\",\"publisher\":{\"@id\":\"https:\\\/\\\/gts-serwis.pl\\\/#organization\"},\"potentialAction\":[{\"@type\":\"SearchAction\",\"target\":{\"@type\":\"EntryPoint\",\"urlTemplate\":\"https:\\\/\\\/gts-serwis.pl\\\/?s={search_term_string}\"},\"query-input\":{\"@type\":\"PropertyValueSpecification\",\"valueRequired\":true,\"valueName\":\"search_term_string\"}}],\"inLanguage\":\"en-GB\"},{\"@type\":\"Organization\",\"@id\":\"https:\\\/\\\/gts-serwis.pl\\\/#organization\",\"name\":\"GTS Serwis Krak\u00f3w\",\"url\":\"https:\\\/\\\/gts-serwis.pl\\\/\",\"logo\":{\"@type\":\"ImageObject\",\"inLanguage\":\"en-GB\",\"@id\":\"https:\\\/\\\/gts-serwis.pl\\\/#\\\/schema\\\/logo\\\/image\\\/\",\"url\":\"https:\\\/\\\/gts-serwis.pl\\\/wp-content\\\/uploads\\\/2024\\\/03\\\/GTSlogo_black.svg\",\"contentUrl\":\"https:\\\/\\\/gts-serwis.pl\\\/wp-content\\\/uploads\\\/2024\\\/03\\\/GTSlogo_black.svg\",\"width\":595,\"height\":841,\"caption\":\"GTS Serwis Krak\u00f3w\"},\"image\":{\"@id\":\"https:\\\/\\\/gts-serwis.pl\\\/#\\\/schema\\\/logo\\\/image\\\/\"},\"sameAs\":[\"https:\\\/\\\/www.facebook.com\\\/GTSserwis\",\"https:\\\/\\\/www.tiktok.com\\\/@gtsserwiskrakow\",\"https:\\\/\\\/www.youtube.com\\\/@GTSserwis\",\"https:\\\/\\\/www.instagram.com\\\/gts_serwis\\\/\"]}]}<\/script>\n<!-- \/ Yoast SEO Premium plugin. -->","yoast_head_json":{"title":"Auto detailing z GTS Serwis w Krakowie","description":"Auto detailing oraz serwis i naprawy samochod\u00f3w premium w jednym miejscu. Zadbaj o ka\u017cdy detal swojego pojazdu z GTS Serwis w Krakowie.","robots":{"index":"index","follow":"follow","max-snippet":"max-snippet:-1","max-image-preview":"max-image-preview:large","max-video-preview":"max-video-preview:-1"},"canonical":"https:\/\/gts-serwis.pl\/en\/detailing\/","og_locale":"en_GB","og_type":"article","og_title":"Auto detailing samochodu premium w GTS Serwis","og_description":"Auto detailing oraz serwis i naprawy samochod\u00f3w premium w jednym miejscu. Zadbaj o ka\u017cdy detal swojego pojazdu z GTS Serwis w Krakowie.","og_url":"https:\/\/gts-serwis.pl\/en\/detailing\/","og_site_name":"GTS Serwis","article_publisher":"https:\/\/www.facebook.com\/GTSserwis","article_modified_time":"2025-10-26T19:13:53+00:00","og_image":[{"width":1232,"height":928,"url":"https:\/\/gts-serwis.pl\/wp-content\/uploads\/2024\/04\/mdw1253_A_frame_showing_the_interior_of_the_Porsche_Cayene_fr_84af6772-795a-4b96-9b5c-ac12bdc7b027_0.webp","type":"image\/webp"}],"twitter_card":"summary_large_image","twitter_title":"Detailing","twitter_misc":{"Estimated reading time":"3 minutes"},"schema":{"@context":"https:\/\/schema.org","@graph":[{"@type":"WebPage","@id":"https:\/\/gts-serwis.pl\/auto-detailing-krakow\/","url":"https:\/\/gts-serwis.pl\/auto-detailing-krakow\/","name":"Auto detailing z GTS Serwis w Krakowie","isPartOf":{"@id":"https:\/\/gts-serwis.pl\/#website"},"primaryImageOfPage":{"@id":"https:\/\/gts-serwis.pl\/auto-detailing-krakow\/#primaryimage"},"image":{"@id":"https:\/\/gts-serwis.pl\/auto-detailing-krakow\/#primaryimage"},"thumbnailUrl":"https:\/\/gts-serwis.pl\/wp-content\/uploads\/2025\/10\/GTS-logo-serwis-samochodow-premium-150x150.png","datePublished":"2020-01-27T14:51:18+00:00","dateModified":"2025-10-26T19:13:53+00:00","description":"Auto detailing oraz serwis i naprawy samochod\u00f3w premium w jednym miejscu. Zadbaj o ka\u017cdy detal swojego pojazdu z GTS Serwis w Krakowie.","breadcrumb":{"@id":"https:\/\/gts-serwis.pl\/auto-detailing-krakow\/#breadcrumb"},"inLanguage":"en-GB","potentialAction":[{"@type":"ReadAction","target":["https:\/\/gts-serwis.pl\/auto-detailing-krakow\/"]}]},{"@type":"ImageObject","inLanguage":"en-GB","@id":"https:\/\/gts-serwis.pl\/auto-detailing-krakow\/#primaryimage","url":"https:\/\/gts-serwis.pl\/wp-content\/uploads\/2025\/10\/GTS-logo-serwis-samochodow-premium-150x150.png","contentUrl":"https:\/\/gts-serwis.pl\/wp-content\/uploads\/2025\/10\/GTS-logo-serwis-samochodow-premium-150x150.png"},{"@type":"BreadcrumbList","@id":"https:\/\/gts-serwis.pl\/auto-detailing-krakow\/#breadcrumb","itemListElement":[{"@type":"ListItem","position":1,"name":"Home","item":"https:\/\/gts-serwis.pl\/"},{"@type":"ListItem","position":2,"name":"Detailing"}]},{"@type":"WebSite","@id":"https:\/\/gts-serwis.pl\/#website","url":"https:\/\/gts-serwis.pl\/","name":"GTS Serwis","description":"","publisher":{"@id":"https:\/\/gts-serwis.pl\/#organization"},"potentialAction":[{"@type":"SearchAction","target":{"@type":"EntryPoint","urlTemplate":"https:\/\/gts-serwis.pl\/?s={search_term_string}"},"query-input":{"@type":"PropertyValueSpecification","valueRequired":true,"valueName":"search_term_string"}}],"inLanguage":"en-GB"},{"@type":"Organization","@id":"https:\/\/gts-serwis.pl\/#organization","name":"GTS Serwis Krak\u00f3w","url":"https:\/\/gts-serwis.pl\/","logo":{"@type":"ImageObject","inLanguage":"en-GB","@id":"https:\/\/gts-serwis.pl\/#\/schema\/logo\/image\/","url":"https:\/\/gts-serwis.pl\/wp-content\/uploads\/2024\/03\/GTSlogo_black.svg","contentUrl":"https:\/\/gts-serwis.pl\/wp-content\/uploads\/2024\/03\/GTSlogo_black.svg","width":595,"height":841,"caption":"GTS Serwis Krak\u00f3w"},"image":{"@id":"https:\/\/gts-serwis.pl\/#\/schema\/logo\/image\/"},"sameAs":["https:\/\/www.facebook.com\/GTSserwis","https:\/\/www.tiktok.com\/@gtsserwiskrakow","https:\/\/www.youtube.com\/@GTSserwis","https:\/\/www.instagram.com\/gts_serwis\/"]}]}},"_links":{"self":[{"href":"https:\/\/gts-serwis.pl\/en\/wp-json\/wp\/v2\/pages\/310","targetHints":{"allow":["GET"]}}],"collection":[{"href":"https:\/\/gts-serwis.pl\/en\/wp-json\/wp\/v2\/pages"}],"about":[{"href":"https:\/\/gts-serwis.pl\/en\/wp-json\/wp\/v2\/types\/page"}],"author":[{"embeddable":true,"href":"https:\/\/gts-serwis.pl\/en\/wp-json\/wp\/v2\/users\/1"}],"replies":[{"embeddable":true,"href":"https:\/\/gts-serwis.pl\/en\/wp-json\/wp\/v2\/comments?post=310"}],"version-history":[{"count":46,"href":"https:\/\/gts-serwis.pl\/en\/wp-json\/wp\/v2\/pages\/310\/revisions"}],"predecessor-version":[{"id":2963,"href":"https:\/\/gts-serwis.pl\/en\/wp-json\/wp\/v2\/pages\/310\/revisions\/2963"}],"wp:attachment":[{"href":"https:\/\/gts-serwis.pl\/en\/wp-json\/wp\/v2\/media?parent=310"}],"wp:term":[{"taxonomy":"post_tag","embeddable":true,"href":"https:\/\/gts-serwis.pl\/en\/wp-json\/wp\/v2\/tags?post=310"}],"curies":[{"name":"wp","href":"https:\/\/api.w.org\/{rel}","templated":true}]}}