{"id":306,"date":"2018-04-27T17:01:12","date_gmt":"2018-04-27T15:01:12","guid":{"rendered":"https:\/\/gts-serwis.pl\/?page_id=306"},"modified":"2018-04-27T17:02:09","modified_gmt":"2018-04-27T15:02:09","slug":"ogloszenie","status":"publish","type":"page","link":"https:\/\/gts-serwis.pl\/en\/advertisement\/","title":{"rendered":"Announcement"},"content":{"rendered":"<p>I will buy a plot in the centre of Krakow with a hall of approx. 500 m2 for a car service centre, on the main street, up to PLN 1.2 million.<\/p>\n<p>Contact telephone:\u00a0<a href=\"tel:501414984\">501414984<\/a><span class=\"Apple-converted-space\">\u00a0<\/span><\/p>","protected":false},"excerpt":{"rendered":"<p>I will buy a plot in the centre of Krakow with a hall of approx. 500 m2 for a car service centre, on the main street, up to PLN 1.2 million.<\/p>\n<p>Telefon kontaktowy:\u00a0501414984\u00a0<\/p>","protected":false},"author":1,"featured_media":0,"parent":0,"menu_order":0,"comment_status":"closed","ping_status":"closed","template":"","meta":{"footnotes":""},"tags":[],"class_list":["post-306","page","type-page","status-publish","hentry"],"yoast_head":"<!-- This site is optimized with the Yoast SEO Premium plugin v23.4 (Yoast SEO v27.5) - https:\/\/yoast.com\/product\/yoast-seo-premium-wordpress\/ -->\n<title>Og\u0142oszenie &#8226; GTS Serwis<\/title>\n<meta name=\"description\" content=\"GTS Serwis Krak\u00f3w. Serwis samochod\u00f3w ekskluzywnych marek. Maserati, Bentley, Land Rover, Aston Martin, Ferrari. Zadzwo\u0144 i um\u00f3w si\u0119 na wizyt\u0119.\" \/>\n<meta name=\"robots\" content=\"index, follow, max-snippet:-1, max-image-preview:large, max-video-preview:-1\" \/>\n<link rel=\"canonical\" href=\"https:\/\/gts-serwis.pl\/en\/advertisement\/\" \/>\n<meta property=\"og:locale\" content=\"en_GB\" \/>\n<meta property=\"og:type\" content=\"article\" \/>\n<meta property=\"og:title\" content=\"Og\u0142oszenie\" \/>\n<meta property=\"og:description\" content=\"GTS Serwis Krak\u00f3w. Serwis samochod\u00f3w ekskluzywnych marek. Maserati, Bentley, Land Rover, Aston Martin, Ferrari. Zadzwo\u0144 i um\u00f3w si\u0119 na wizyt\u0119.\" \/>\n<meta property=\"og:url\" content=\"https:\/\/gts-serwis.pl\/en\/advertisement\/\" \/>\n<meta property=\"og:site_name\" content=\"GTS Serwis\" \/>\n<meta property=\"article:publisher\" content=\"https:\/\/www.facebook.com\/GTSserwis\" \/>\n<meta property=\"article:modified_time\" content=\"2018-04-27T15:02:09+00:00\" \/>\n<meta name=\"twitter:card\" content=\"summary_large_image\" \/>\n<script type=\"application\/ld+json\" class=\"yoast-schema-graph\">{\"@context\":\"https:\\\/\\\/schema.org\",\"@graph\":[{\"@type\":\"WebPage\",\"@id\":\"https:\\\/\\\/gts-serwis.pl\\\/ogloszenie\\\/\",\"url\":\"https:\\\/\\\/gts-serwis.pl\\\/ogloszenie\\\/\",\"name\":\"Og\u0142oszenie &#8226; GTS Serwis\",\"isPartOf\":{\"@id\":\"https:\\\/\\\/gts-serwis.pl\\\/#website\"},\"datePublished\":\"2018-04-27T15:01:12+00:00\",\"dateModified\":\"2018-04-27T15:02:09+00:00\",\"description\":\"GTS Serwis Krak\u00f3w. Serwis samochod\u00f3w ekskluzywnych marek. Maserati, Bentley, Land Rover, Aston Martin, Ferrari. Zadzwo\u0144 i um\u00f3w si\u0119 na wizyt\u0119.\",\"breadcrumb\":{\"@id\":\"https:\\\/\\\/gts-serwis.pl\\\/ogloszenie\\\/#breadcrumb\"},\"inLanguage\":\"en-GB\",\"potentialAction\":[{\"@type\":\"ReadAction\",\"target\":[\"https:\\\/\\\/gts-serwis.pl\\\/ogloszenie\\\/\"]}]},{\"@type\":\"BreadcrumbList\",\"@id\":\"https:\\\/\\\/gts-serwis.pl\\\/ogloszenie\\\/#breadcrumb\",\"itemListElement\":[{\"@type\":\"ListItem\",\"position\":1,\"name\":\"Home\",\"item\":\"https:\\\/\\\/gts-serwis.pl\\\/\"},{\"@type\":\"ListItem\",\"position\":2,\"name\":\"Og\u0142oszenie\"}]},{\"@type\":\"WebSite\",\"@id\":\"https:\\\/\\\/gts-serwis.pl\\\/#website\",\"url\":\"https:\\\/\\\/gts-serwis.pl\\\/\",\"name\":\"GTS Serwis\",\"description\":\"\",\"publisher\":{\"@id\":\"https:\\\/\\\/gts-serwis.pl\\\/#organization\"},\"potentialAction\":[{\"@type\":\"SearchAction\",\"target\":{\"@type\":\"EntryPoint\",\"urlTemplate\":\"https:\\\/\\\/gts-serwis.pl\\\/?s={search_term_string}\"},\"query-input\":{\"@type\":\"PropertyValueSpecification\",\"valueRequired\":true,\"valueName\":\"search_term_string\"}}],\"inLanguage\":\"en-GB\"},{\"@type\":\"Organization\",\"@id\":\"https:\\\/\\\/gts-serwis.pl\\\/#organization\",\"name\":\"GTS Serwis Krak\u00f3w\",\"url\":\"https:\\\/\\\/gts-serwis.pl\\\/\",\"logo\":{\"@type\":\"ImageObject\",\"inLanguage\":\"en-GB\",\"@id\":\"https:\\\/\\\/gts-serwis.pl\\\/#\\\/schema\\\/logo\\\/image\\\/\",\"url\":\"https:\\\/\\\/gts-serwis.pl\\\/wp-content\\\/uploads\\\/2024\\\/03\\\/GTSlogo_black.svg\",\"contentUrl\":\"https:\\\/\\\/gts-serwis.pl\\\/wp-content\\\/uploads\\\/2024\\\/03\\\/GTSlogo_black.svg\",\"width\":595,\"height\":841,\"caption\":\"GTS Serwis Krak\u00f3w\"},\"image\":{\"@id\":\"https:\\\/\\\/gts-serwis.pl\\\/#\\\/schema\\\/logo\\\/image\\\/\"},\"sameAs\":[\"https:\\\/\\\/www.facebook.com\\\/GTSserwis\",\"https:\\\/\\\/www.tiktok.com\\\/@gtsserwiskrakow\",\"https:\\\/\\\/www.youtube.com\\\/@GTSserwis\",\"https:\\\/\\\/www.instagram.com\\\/gts_serwis\\\/\"]}]}<\/script>\n<!-- \/ Yoast SEO Premium plugin. -->","yoast_head_json":{"title":"Og\u0142oszenie &#8226; GTS Serwis","description":"GTS Serwis Krak\u00f3w. Serwis samochod\u00f3w ekskluzywnych marek. Maserati, Bentley, Land Rover, Aston Martin, Ferrari. Zadzwo\u0144 i um\u00f3w si\u0119 na wizyt\u0119.","robots":{"index":"index","follow":"follow","max-snippet":"max-snippet:-1","max-image-preview":"max-image-preview:large","max-video-preview":"max-video-preview:-1"},"canonical":"https:\/\/gts-serwis.pl\/en\/advertisement\/","og_locale":"en_GB","og_type":"article","og_title":"Og\u0142oszenie","og_description":"GTS Serwis Krak\u00f3w. Serwis samochod\u00f3w ekskluzywnych marek. Maserati, Bentley, Land Rover, Aston Martin, Ferrari. Zadzwo\u0144 i um\u00f3w si\u0119 na wizyt\u0119.","og_url":"https:\/\/gts-serwis.pl\/en\/advertisement\/","og_site_name":"GTS Serwis","article_publisher":"https:\/\/www.facebook.com\/GTSserwis","article_modified_time":"2018-04-27T15:02:09+00:00","twitter_card":"summary_large_image","schema":{"@context":"https:\/\/schema.org","@graph":[{"@type":"WebPage","@id":"https:\/\/gts-serwis.pl\/ogloszenie\/","url":"https:\/\/gts-serwis.pl\/ogloszenie\/","name":"Og\u0142oszenie &#8226; GTS Serwis","isPartOf":{"@id":"https:\/\/gts-serwis.pl\/#website"},"datePublished":"2018-04-27T15:01:12+00:00","dateModified":"2018-04-27T15:02:09+00:00","description":"GTS Serwis Krak\u00f3w. Serwis samochod\u00f3w ekskluzywnych marek. Maserati, Bentley, Land Rover, Aston Martin, Ferrari. Zadzwo\u0144 i um\u00f3w si\u0119 na wizyt\u0119.","breadcrumb":{"@id":"https:\/\/gts-serwis.pl\/ogloszenie\/#breadcrumb"},"inLanguage":"en-GB","potentialAction":[{"@type":"ReadAction","target":["https:\/\/gts-serwis.pl\/ogloszenie\/"]}]},{"@type":"BreadcrumbList","@id":"https:\/\/gts-serwis.pl\/ogloszenie\/#breadcrumb","itemListElement":[{"@type":"ListItem","position":1,"name":"Home","item":"https:\/\/gts-serwis.pl\/"},{"@type":"ListItem","position":2,"name":"Og\u0142oszenie"}]},{"@type":"WebSite","@id":"https:\/\/gts-serwis.pl\/#website","url":"https:\/\/gts-serwis.pl\/","name":"GTS Serwis","description":"","publisher":{"@id":"https:\/\/gts-serwis.pl\/#organization"},"potentialAction":[{"@type":"SearchAction","target":{"@type":"EntryPoint","urlTemplate":"https:\/\/gts-serwis.pl\/?s={search_term_string}"},"query-input":{"@type":"PropertyValueSpecification","valueRequired":true,"valueName":"search_term_string"}}],"inLanguage":"en-GB"},{"@type":"Organization","@id":"https:\/\/gts-serwis.pl\/#organization","name":"GTS Serwis Krak\u00f3w","url":"https:\/\/gts-serwis.pl\/","logo":{"@type":"ImageObject","inLanguage":"en-GB","@id":"https:\/\/gts-serwis.pl\/#\/schema\/logo\/image\/","url":"https:\/\/gts-serwis.pl\/wp-content\/uploads\/2024\/03\/GTSlogo_black.svg","contentUrl":"https:\/\/gts-serwis.pl\/wp-content\/uploads\/2024\/03\/GTSlogo_black.svg","width":595,"height":841,"caption":"GTS Serwis Krak\u00f3w"},"image":{"@id":"https:\/\/gts-serwis.pl\/#\/schema\/logo\/image\/"},"sameAs":["https:\/\/www.facebook.com\/GTSserwis","https:\/\/www.tiktok.com\/@gtsserwiskrakow","https:\/\/www.youtube.com\/@GTSserwis","https:\/\/www.instagram.com\/gts_serwis\/"]}]}},"_links":{"self":[{"href":"https:\/\/gts-serwis.pl\/en\/wp-json\/wp\/v2\/pages\/306","targetHints":{"allow":["GET"]}}],"collection":[{"href":"https:\/\/gts-serwis.pl\/en\/wp-json\/wp\/v2\/pages"}],"about":[{"href":"https:\/\/gts-serwis.pl\/en\/wp-json\/wp\/v2\/types\/page"}],"author":[{"embeddable":true,"href":"https:\/\/gts-serwis.pl\/en\/wp-json\/wp\/v2\/users\/1"}],"replies":[{"embeddable":true,"href":"https:\/\/gts-serwis.pl\/en\/wp-json\/wp\/v2\/comments?post=306"}],"version-history":[{"count":0,"href":"https:\/\/gts-serwis.pl\/en\/wp-json\/wp\/v2\/pages\/306\/revisions"}],"wp:attachment":[{"href":"https:\/\/gts-serwis.pl\/en\/wp-json\/wp\/v2\/media?parent=306"}],"wp:term":[{"taxonomy":"post_tag","embeddable":true,"href":"https:\/\/gts-serwis.pl\/en\/wp-json\/wp\/v2\/tags?post=306"}],"curies":[{"name":"wp","href":"https:\/\/api.w.org\/{rel}","templated":true}]}}