{"id":2362,"date":"2025-09-09T09:48:55","date_gmt":"2025-09-09T07:48:55","guid":{"rendered":"https:\/\/gts-serwis.pl\/?page_id=2362"},"modified":"2025-09-19T19:57:57","modified_gmt":"2025-09-19T17:57:57","slug":"salon","status":"publish","type":"page","link":"https:\/\/gts-serwis.pl\/en\/salon\/","title":{"rendered":"Salon"},"content":{"rendered":"<div data-elementor-type=\"wp-page\" data-elementor-id=\"2362\" class=\"elementor elementor-2362\" data-elementor-post-type=\"page\">\n\t\t\t\t<div class=\"elementor-element elementor-element-51912a2 e-flex e-con-boxed e-con e-parent\" data-id=\"51912a2\" data-element_type=\"container\">\n\t\t\t\t\t<div class=\"e-con-inner\">\n\t\t\t\t<div class=\"elementor-element elementor-element-16234d1 elementor-widget elementor-widget-cars_list\" data-id=\"16234d1\" data-element_type=\"widget\" data-widget_type=\"cars_list.default\">\n\t\t\t\t<div class=\"elementor-widget-container\">\n\t\t\t\t\t<div class=\"cars-list-container\"><div class=\"cars-filters\"><form method=\"get\" id=\"cars-filter-form\" class=\"cars-filter-form\" data-layout=\"grid\" data-columns=\"3\"><div class=\"filter-row\"><div class=\"filter-item\"><select name=\"car_brand\"><option value=\"\">Wszystkie marki<\/option><option value=\"aston-martin\" >Aston Martin<\/option><option value=\"bentley\" >Bentley<\/option><option value=\"ferrari\" >Ferrari<\/option><option value=\"hummer\" >Hummer<\/option><option value=\"jaguar\" >Jaguar<\/option><option value=\"maserati\" >Maserati<\/option><option value=\"porsche\" >Porsche<\/option><option value=\"range-rover\" >Range Rover<\/option><\/select><\/div><div class=\"filter-item\"><select name=\"car_body_type\"><option value=\"\">Wszystkie nadwozia<\/option><option value=\"coupe\" >Coupe<\/option><option value=\"sedan\" >Sedan<\/option><option value=\"suv\" >SUV<\/option><\/select><\/div><div class=\"filter-item\"><select name=\"car_fuel_type\"><option value=\"\">Wszystkie rodzaje paliwa<\/option><option value=\"benzyna\" >Benzyna<\/option><option value=\"benzyna-lpg\" >Benzyna + LPG<\/option><option value=\"diesel\" >Diesel<\/option><option value=\"elekrtyczny\" >Elekrtyczny<\/option><option value=\"hybrydowy\" >Hybrydowy<\/option><\/select><\/div><div class=\"filter-item\"><select name=\"car_transmission\"><option value=\"\">Wszystkie skrzynie<\/option><option value=\"automatyczna\" >Automatyczna<\/option><option value=\"manualna\" >Manualna<\/option><\/select><\/div><\/div><div class=\"filter-row\"><div class=\"filter-item price-range\"><input type=\"number\" name=\"price_min\" placeholder=\"Cena od (z\u0142)\" value=\"\"><input type=\"number\" name=\"price_max\" placeholder=\"Cena do (z\u0142)\" value=\"\"><\/div><div class=\"filter-item year-range\"><input type=\"number\" name=\"year_min\" placeholder=\"Rok od\" value=\"\"><input type=\"number\" name=\"year_max\" placeholder=\"Rok do\" value=\"\"><\/div><div class=\"filter-item mileage\"><input type=\"number\" name=\"mileage_max\" placeholder=\"Przebieg do (km)\" value=\"\"><\/div><div class=\"filter-item actions\"><button type=\"button\" class=\"reset-filters-btn\" id=\"reset-filters-ajax\">Wyczy\u015b\u0107<\/button><\/div><\/div><input type=\"hidden\" name=\"trp-form-language\" value=\"en\"\/><\/form><\/div><div id=\"cars-list-container-ajax\"><div class=\"cars-list cars-grid-layout columns-3\">\n<div class=\"car-item\">\n    <div class=\"car-image\">\n        <a href=\"https:\/\/gts-serwis.pl\/en\/samochod\/maserati-granturismo-s\/\">\n                            <img loading=\"lazy\" decoding=\"async\" width=\"300\" height=\"225\" src=\"https:\/\/gts-serwis.pl\/wp-content\/uploads\/2025\/09\/IMG_3263vv-300x225.jpg\" class=\"attachment-medium size-medium wp-post-image\" alt=\"\" srcset=\"https:\/\/gts-serwis.pl\/wp-content\/uploads\/2025\/09\/IMG_3263vv-300x225.jpg 300w, https:\/\/gts-serwis.pl\/wp-content\/uploads\/2025\/09\/IMG_3263vv-1024x767.jpg 1024w, https:\/\/gts-serwis.pl\/wp-content\/uploads\/2025\/09\/IMG_3263vv-768x575.jpg 768w, https:\/\/gts-serwis.pl\/wp-content\/uploads\/2025\/09\/IMG_3263vv-1536x1150.jpg 1536w, https:\/\/gts-serwis.pl\/wp-content\/uploads\/2025\/09\/IMG_3263vv-2048x1533.jpg 2048w, https:\/\/gts-serwis.pl\/wp-content\/uploads\/2025\/09\/IMG_3263vv-16x12.jpg 16w\" sizes=\"auto, (max-width: 300px) 100vw, 300px\" \/>                    <\/a>\n    <\/div>\n    \n    <div class=\"car-info\">\n        <h3><a href=\"https:\/\/gts-serwis.pl\/en\/samochod\/maserati-granturismo-s\/\">Maserati GranTurismo S \u2013 europejska wersja w stanie kolekcjonerskim<\/a><\/h3>\n        \n        <div class=\"car-specs\">\n            <span class=\"spec\">2008<\/span>            <span class=\"spec\">103 060 km<\/span>            <span class=\"spec\">440 KM<\/span>            <span class=\"spec\">Benzyna<\/span>            <span class=\"spec\">Automatyczna<\/span>        <\/div>\n        \n                    <div class=\"car-price\">280 000 z\u0142<\/div>\n                \n        <div class=\"car-excerpt\"><p>Wyj\u0105tkowe Maserati GranTurismo S z 2008 roku \u2013 ikona w\u0142oskiej motoryzacji stworzona przez legendarne studio Pininfarina. Samoch\u00f3d, kt\u00f3ry \u0142\u0105czy sportowy charakter z ponadczasow\u0105 elegancj\u0105 i luksusem. Samoch\u00f3d jest w perfekcyjnym stanie \u2013 gara\u017cowany, zadbany i regularnie serwisowany. Nie wymaga \u017cadnych nak\u0142ad\u00f3w finansowych. Zarejestrowany w Polsce<\/p>\n<\/div>\n        <a href=\"https:\/\/gts-serwis.pl\/en\/samochod\/maserati-granturismo-s\/\" class=\"car-link\">Zobacz szczeg\u00f3\u0142y<\/a>\n    <\/div>\n<\/div>\n\n\n\n\n<div class=\"car-item\">\n    <div class=\"car-image\">\n        <a href=\"https:\/\/gts-serwis.pl\/en\/samochod\/hummer-h2\/\">\n                            <img loading=\"lazy\" decoding=\"async\" width=\"300\" height=\"225\" src=\"https:\/\/gts-serwis.pl\/wp-content\/uploads\/2025\/09\/IMG_1525-300x225.jpg\" class=\"attachment-medium size-medium wp-post-image\" alt=\"\" srcset=\"https:\/\/gts-serwis.pl\/wp-content\/uploads\/2025\/09\/IMG_1525-300x225.jpg 300w, https:\/\/gts-serwis.pl\/wp-content\/uploads\/2025\/09\/IMG_1525-1024x768.jpg 1024w, https:\/\/gts-serwis.pl\/wp-content\/uploads\/2025\/09\/IMG_1525-768x576.jpg 768w, https:\/\/gts-serwis.pl\/wp-content\/uploads\/2025\/09\/IMG_1525-1536x1152.jpg 1536w, https:\/\/gts-serwis.pl\/wp-content\/uploads\/2025\/09\/IMG_1525-2048x1536.jpg 2048w, https:\/\/gts-serwis.pl\/wp-content\/uploads\/2025\/09\/IMG_1525-16x12.jpg 16w\" sizes=\"auto, (max-width: 300px) 100vw, 300px\" \/>                    <\/a>\n    <\/div>\n    \n    <div class=\"car-info\">\n        <h3><a href=\"https:\/\/gts-serwis.pl\/en\/samochod\/hummer-h2\/\">Hummer H2 Supercharged<\/a><\/h3>\n        \n        <div class=\"car-specs\">\n            <span class=\"spec\">2002<\/span>            <span class=\"spec\">140 000 km<\/span>            <span class=\"spec\">550 KM<\/span>            <span class=\"spec\">Benzyna<\/span>            <span class=\"spec\">Automatyczna<\/span>        <\/div>\n        \n                    <div class=\"car-price\">155 000 z\u0142<\/div>\n                \n        <div class=\"car-excerpt\"><p>To nie jest zwyk\u0142y Hummer H2. To unikatowy, 7-osobowy H2 z do\u0142o\u017con\u0105 turbospr\u0119\u017cark\u0105 Radix, kt\u00f3ra zmienia jazd\u0119 nim w do\u015bwiadczenie granicz\u0105ce z lotem odrzutowcem. <\/p>\n<\/div>\n        <a href=\"https:\/\/gts-serwis.pl\/en\/samochod\/hummer-h2\/\" class=\"car-link\">Zobacz szczeg\u00f3\u0142y<\/a>\n    <\/div>\n<\/div>\n\n\n\n<\/div><div class=\"cars-pagination\" id=\"cars-pagination-container-ajax\"><\/div><\/div><\/div>\t\t\t\t<\/div>\n\t\t\t\t<\/div>\n\t\t\t\t\t<\/div>\n\t\t\t\t<\/div>\n\t\t\t\t<\/div>","protected":false},"excerpt":{"rendered":"<p><b>To nie jest zwyk\u0142y Hummer H2.<\/b> To unikatowy, <b>7-osobowy<\/b> H2 z do\u0142o\u017con\u0105 <b>turbospr\u0119\u017cark\u0105 Radix, kt\u00f3ra zmienia jazd\u0119 nim w do\u015bwiadczenie granicz\u0105ce z lotem odrzutowcem.<\/b><\/p>\n<p>Ten Hummer prezenuje moc i osi\u0105gi, kt\u00f3rych nikt si\u0119 nie spodziewa.<\/p>\n<p>Standardowy Hummer H2 ju\u017c sam w sobie robi ogromne wra\u017cenie. Ale ten egzemplarz? To zupe\u0142nie inna liga. Turbospr\u0119\u017carka Radix daje&#8230;<\/p>","protected":false},"author":1,"featured_media":0,"parent":0,"menu_order":0,"comment_status":"closed","ping_status":"closed","template":"","meta":{"footnotes":""},"tags":[],"class_list":["post-2362","page","type-page","status-publish","hentry"],"yoast_head":"<!-- This site is optimized with the Yoast SEO Premium plugin v23.4 (Yoast SEO v27.3) - https:\/\/yoast.com\/product\/yoast-seo-premium-wordpress\/ -->\n<title>Salon &#8226; GTS Serwis<\/title>\n<meta name=\"description\" content=\"Salon GTS - dealer luksusowych samochod\u00f3w oferuj\u0105cy tylko wyselekcjowane, sprawdzone u\u017cywane auta premium z pe\u0142nym wsparciem serwisowym.\" \/>\n<meta name=\"robots\" content=\"index, follow, max-snippet:-1, max-image-preview:large, max-video-preview:-1\" \/>\n<link rel=\"canonical\" href=\"https:\/\/gts-serwis.pl\/en\/salon\/\" \/>\n<meta property=\"og:locale\" content=\"en_GB\" \/>\n<meta property=\"og:type\" content=\"article\" \/>\n<meta property=\"og:title\" content=\"Salon\" \/>\n<meta property=\"og:description\" content=\"Salon GTS - dealer luksusowych samochod\u00f3w oferuj\u0105cy tylko wyselekcjowane, sprawdzone u\u017cywane auta premium z pe\u0142nym wsparciem serwisowym.\" \/>\n<meta property=\"og:url\" content=\"https:\/\/gts-serwis.pl\/en\/salon\/\" \/>\n<meta property=\"og:site_name\" content=\"GTS Serwis\" \/>\n<meta property=\"article:publisher\" content=\"https:\/\/www.facebook.com\/GTSserwis\" \/>\n<meta property=\"article:modified_time\" content=\"2025-09-19T17:57:57+00:00\" \/>\n<meta property=\"og:image\" content=\"https:\/\/gts-serwis.pl\/wp-content\/uploads\/2024\/04\/mdw1253_a_very_softly_lit_Porsche_from_behind_in_photo_studio_-_daf0f120-4f3f-4b7c-b890-7dd3358a3391-278x300.webp\" \/>\n<meta name=\"twitter:card\" content=\"summary_large_image\" \/>\n<meta name=\"twitter:label1\" content=\"Estimated reading time\" \/>\n\t<meta name=\"twitter:data1\" content=\"1 minute\" \/>\n<script type=\"application\/ld+json\" class=\"yoast-schema-graph\">{\"@context\":\"https:\\\/\\\/schema.org\",\"@graph\":[{\"@type\":\"WebPage\",\"@id\":\"https:\\\/\\\/gts-serwis.pl\\\/salon\\\/\",\"url\":\"https:\\\/\\\/gts-serwis.pl\\\/salon\\\/\",\"name\":\"Salon &#8226; GTS Serwis\",\"isPartOf\":{\"@id\":\"https:\\\/\\\/gts-serwis.pl\\\/#website\"},\"primaryImageOfPage\":{\"@id\":\"https:\\\/\\\/gts-serwis.pl\\\/salon\\\/#primaryimage\"},\"image\":{\"@id\":\"https:\\\/\\\/gts-serwis.pl\\\/salon\\\/#primaryimage\"},\"thumbnailUrl\":\"https:\\\/\\\/gts-serwis.pl\\\/wp-content\\\/uploads\\\/2024\\\/04\\\/mdw1253_a_very_softly_lit_Porsche_from_behind_in_photo_studio_-_daf0f120-4f3f-4b7c-b890-7dd3358a3391-278x300.webp\",\"datePublished\":\"2025-09-09T07:48:55+00:00\",\"dateModified\":\"2025-09-19T17:57:57+00:00\",\"description\":\"Salon GTS - dealer luksusowych samochod\u00f3w oferuj\u0105cy tylko wyselekcjowane, sprawdzone u\u017cywane auta premium z pe\u0142nym wsparciem serwisowym.\",\"breadcrumb\":{\"@id\":\"https:\\\/\\\/gts-serwis.pl\\\/salon\\\/#breadcrumb\"},\"inLanguage\":\"en-GB\",\"potentialAction\":[{\"@type\":\"ReadAction\",\"target\":[\"https:\\\/\\\/gts-serwis.pl\\\/salon\\\/\"]}]},{\"@type\":\"ImageObject\",\"inLanguage\":\"en-GB\",\"@id\":\"https:\\\/\\\/gts-serwis.pl\\\/salon\\\/#primaryimage\",\"url\":\"https:\\\/\\\/gts-serwis.pl\\\/wp-content\\\/uploads\\\/2024\\\/04\\\/mdw1253_a_very_softly_lit_Porsche_from_behind_in_photo_studio_-_daf0f120-4f3f-4b7c-b890-7dd3358a3391-278x300.webp\",\"contentUrl\":\"https:\\\/\\\/gts-serwis.pl\\\/wp-content\\\/uploads\\\/2024\\\/04\\\/mdw1253_a_very_softly_lit_Porsche_from_behind_in_photo_studio_-_daf0f120-4f3f-4b7c-b890-7dd3358a3391-278x300.webp\"},{\"@type\":\"BreadcrumbList\",\"@id\":\"https:\\\/\\\/gts-serwis.pl\\\/salon\\\/#breadcrumb\",\"itemListElement\":[{\"@type\":\"ListItem\",\"position\":1,\"name\":\"Home\",\"item\":\"https:\\\/\\\/gts-serwis.pl\\\/\"},{\"@type\":\"ListItem\",\"position\":2,\"name\":\"Salon\"}]},{\"@type\":\"WebSite\",\"@id\":\"https:\\\/\\\/gts-serwis.pl\\\/#website\",\"url\":\"https:\\\/\\\/gts-serwis.pl\\\/\",\"name\":\"GTS Serwis\",\"description\":\"\",\"publisher\":{\"@id\":\"https:\\\/\\\/gts-serwis.pl\\\/#organization\"},\"potentialAction\":[{\"@type\":\"SearchAction\",\"target\":{\"@type\":\"EntryPoint\",\"urlTemplate\":\"https:\\\/\\\/gts-serwis.pl\\\/?s={search_term_string}\"},\"query-input\":{\"@type\":\"PropertyValueSpecification\",\"valueRequired\":true,\"valueName\":\"search_term_string\"}}],\"inLanguage\":\"en-GB\"},{\"@type\":\"Organization\",\"@id\":\"https:\\\/\\\/gts-serwis.pl\\\/#organization\",\"name\":\"GTS Serwis Krak\u00f3w\",\"url\":\"https:\\\/\\\/gts-serwis.pl\\\/\",\"logo\":{\"@type\":\"ImageObject\",\"inLanguage\":\"en-GB\",\"@id\":\"https:\\\/\\\/gts-serwis.pl\\\/#\\\/schema\\\/logo\\\/image\\\/\",\"url\":\"https:\\\/\\\/gts-serwis.pl\\\/wp-content\\\/uploads\\\/2024\\\/03\\\/GTSlogo_black.svg\",\"contentUrl\":\"https:\\\/\\\/gts-serwis.pl\\\/wp-content\\\/uploads\\\/2024\\\/03\\\/GTSlogo_black.svg\",\"width\":595,\"height\":841,\"caption\":\"GTS Serwis Krak\u00f3w\"},\"image\":{\"@id\":\"https:\\\/\\\/gts-serwis.pl\\\/#\\\/schema\\\/logo\\\/image\\\/\"},\"sameAs\":[\"https:\\\/\\\/www.facebook.com\\\/GTSserwis\",\"https:\\\/\\\/www.tiktok.com\\\/@gtsserwiskrakow\",\"https:\\\/\\\/www.youtube.com\\\/@GTSserwis\",\"https:\\\/\\\/www.instagram.com\\\/gts_serwis\\\/\"]}]}<\/script>\n<!-- \/ Yoast SEO Premium plugin. -->","yoast_head_json":{"title":"Salon &#8226; GTS Serwis","description":"Salon GTS - dealer luksusowych samochod\u00f3w oferuj\u0105cy tylko wyselekcjowane, sprawdzone u\u017cywane auta premium z pe\u0142nym wsparciem serwisowym.","robots":{"index":"index","follow":"follow","max-snippet":"max-snippet:-1","max-image-preview":"max-image-preview:large","max-video-preview":"max-video-preview:-1"},"canonical":"https:\/\/gts-serwis.pl\/en\/salon\/","og_locale":"en_GB","og_type":"article","og_title":"Salon","og_description":"Salon GTS - dealer luksusowych samochod\u00f3w oferuj\u0105cy tylko wyselekcjowane, sprawdzone u\u017cywane auta premium z pe\u0142nym wsparciem serwisowym.","og_url":"https:\/\/gts-serwis.pl\/en\/salon\/","og_site_name":"GTS Serwis","article_publisher":"https:\/\/www.facebook.com\/GTSserwis","article_modified_time":"2025-09-19T17:57:57+00:00","og_image":[{"url":"https:\/\/gts-serwis.pl\/wp-content\/uploads\/2024\/04\/mdw1253_a_very_softly_lit_Porsche_from_behind_in_photo_studio_-_daf0f120-4f3f-4b7c-b890-7dd3358a3391-278x300.webp","type":"","width":"","height":""}],"twitter_card":"summary_large_image","twitter_misc":{"Estimated reading time":"1 minute"},"schema":{"@context":"https:\/\/schema.org","@graph":[{"@type":"WebPage","@id":"https:\/\/gts-serwis.pl\/salon\/","url":"https:\/\/gts-serwis.pl\/salon\/","name":"Salon &#8226; GTS Serwis","isPartOf":{"@id":"https:\/\/gts-serwis.pl\/#website"},"primaryImageOfPage":{"@id":"https:\/\/gts-serwis.pl\/salon\/#primaryimage"},"image":{"@id":"https:\/\/gts-serwis.pl\/salon\/#primaryimage"},"thumbnailUrl":"https:\/\/gts-serwis.pl\/wp-content\/uploads\/2024\/04\/mdw1253_a_very_softly_lit_Porsche_from_behind_in_photo_studio_-_daf0f120-4f3f-4b7c-b890-7dd3358a3391-278x300.webp","datePublished":"2025-09-09T07:48:55+00:00","dateModified":"2025-09-19T17:57:57+00:00","description":"Salon GTS - dealer luksusowych samochod\u00f3w oferuj\u0105cy tylko wyselekcjowane, sprawdzone u\u017cywane auta premium z pe\u0142nym wsparciem serwisowym.","breadcrumb":{"@id":"https:\/\/gts-serwis.pl\/salon\/#breadcrumb"},"inLanguage":"en-GB","potentialAction":[{"@type":"ReadAction","target":["https:\/\/gts-serwis.pl\/salon\/"]}]},{"@type":"ImageObject","inLanguage":"en-GB","@id":"https:\/\/gts-serwis.pl\/salon\/#primaryimage","url":"https:\/\/gts-serwis.pl\/wp-content\/uploads\/2024\/04\/mdw1253_a_very_softly_lit_Porsche_from_behind_in_photo_studio_-_daf0f120-4f3f-4b7c-b890-7dd3358a3391-278x300.webp","contentUrl":"https:\/\/gts-serwis.pl\/wp-content\/uploads\/2024\/04\/mdw1253_a_very_softly_lit_Porsche_from_behind_in_photo_studio_-_daf0f120-4f3f-4b7c-b890-7dd3358a3391-278x300.webp"},{"@type":"BreadcrumbList","@id":"https:\/\/gts-serwis.pl\/salon\/#breadcrumb","itemListElement":[{"@type":"ListItem","position":1,"name":"Home","item":"https:\/\/gts-serwis.pl\/"},{"@type":"ListItem","position":2,"name":"Salon"}]},{"@type":"WebSite","@id":"https:\/\/gts-serwis.pl\/#website","url":"https:\/\/gts-serwis.pl\/","name":"GTS Serwis","description":"","publisher":{"@id":"https:\/\/gts-serwis.pl\/#organization"},"potentialAction":[{"@type":"SearchAction","target":{"@type":"EntryPoint","urlTemplate":"https:\/\/gts-serwis.pl\/?s={search_term_string}"},"query-input":{"@type":"PropertyValueSpecification","valueRequired":true,"valueName":"search_term_string"}}],"inLanguage":"en-GB"},{"@type":"Organization","@id":"https:\/\/gts-serwis.pl\/#organization","name":"GTS Serwis Krak\u00f3w","url":"https:\/\/gts-serwis.pl\/","logo":{"@type":"ImageObject","inLanguage":"en-GB","@id":"https:\/\/gts-serwis.pl\/#\/schema\/logo\/image\/","url":"https:\/\/gts-serwis.pl\/wp-content\/uploads\/2024\/03\/GTSlogo_black.svg","contentUrl":"https:\/\/gts-serwis.pl\/wp-content\/uploads\/2024\/03\/GTSlogo_black.svg","width":595,"height":841,"caption":"GTS Serwis Krak\u00f3w"},"image":{"@id":"https:\/\/gts-serwis.pl\/#\/schema\/logo\/image\/"},"sameAs":["https:\/\/www.facebook.com\/GTSserwis","https:\/\/www.tiktok.com\/@gtsserwiskrakow","https:\/\/www.youtube.com\/@GTSserwis","https:\/\/www.instagram.com\/gts_serwis\/"]}]}},"_links":{"self":[{"href":"https:\/\/gts-serwis.pl\/en\/wp-json\/wp\/v2\/pages\/2362","targetHints":{"allow":["GET"]}}],"collection":[{"href":"https:\/\/gts-serwis.pl\/en\/wp-json\/wp\/v2\/pages"}],"about":[{"href":"https:\/\/gts-serwis.pl\/en\/wp-json\/wp\/v2\/types\/page"}],"author":[{"embeddable":true,"href":"https:\/\/gts-serwis.pl\/en\/wp-json\/wp\/v2\/users\/1"}],"replies":[{"embeddable":true,"href":"https:\/\/gts-serwis.pl\/en\/wp-json\/wp\/v2\/comments?post=2362"}],"version-history":[{"count":9,"href":"https:\/\/gts-serwis.pl\/en\/wp-json\/wp\/v2\/pages\/2362\/revisions"}],"predecessor-version":[{"id":2525,"href":"https:\/\/gts-serwis.pl\/en\/wp-json\/wp\/v2\/pages\/2362\/revisions\/2525"}],"wp:attachment":[{"href":"https:\/\/gts-serwis.pl\/en\/wp-json\/wp\/v2\/media?parent=2362"}],"wp:term":[{"taxonomy":"post_tag","embeddable":true,"href":"https:\/\/gts-serwis.pl\/en\/wp-json\/wp\/v2\/tags?post=2362"}],"curies":[{"name":"wp","href":"https:\/\/api.w.org\/{rel}","templated":true}]}}