{"id":21,"date":"2013-12-27T11:29:33","date_gmt":"2013-12-27T10:29:33","guid":{"rendered":"http:\/\/trzy.nazwa.pl\/_klienci_\/gts-serwis.pl\/?page_id=21"},"modified":"2025-11-06T18:51:30","modified_gmt":"2025-11-06T17:51:30","slug":"kontakt-z-gts-serwis","status":"publish","type":"page","link":"https:\/\/gts-serwis.pl\/en\/contact\/","title":{"rendered":"Contact"},"content":{"rendered":"<div data-elementor-type=\"wp-page\" data-elementor-id=\"21\" class=\"elementor elementor-21\" data-elementor-post-type=\"page\">\n\t\t\t\t<div class=\"elementor-element elementor-element-2a67c81b e-grid e-con-boxed e-con e-parent\" data-id=\"2a67c81b\" data-element_type=\"container\" data-e-type=\"container\" data-settings=\"{&quot;background_background&quot;:&quot;classic&quot;}\">\n\t\t\t\t\t<div class=\"e-con-inner\">\n\t\t<div class=\"elementor-element elementor-element-4cb2cdf e-con-full e-flex e-con e-child\" data-id=\"4cb2cdf\" data-element_type=\"container\" data-e-type=\"container\">\n\t\t<div class=\"elementor-element elementor-element-bb3f21f e-con-full e-flex e-con e-child\" data-id=\"bb3f21f\" data-element_type=\"container\" data-e-type=\"container\">\n\t\t\t\t<div class=\"elementor-element elementor-element-63929d4 elementor-widget elementor-widget-text-editor\" data-id=\"63929d4\" data-element_type=\"widget\" data-e-type=\"widget\" data-widget_type=\"text-editor.default\">\n\t\t\t\t\t\t\t\t\t<h1>GTS Service<\/h1><p>28 Marii Konopnickiej Street<br \/>Level -1 of the Forum Hotel<br \/>30-302 Krak\u00f3w<\/p>\t\t\t\t\t\t\t\t<\/div>\n\t\t\t\t<div class=\"elementor-element elementor-element-46d0b4f elementor-widget elementor-widget-button\" data-id=\"46d0b4f\" data-element_type=\"widget\" data-e-type=\"widget\" data-widget_type=\"button.default\">\n\t\t\t\t\t\t\t\t\t\t<a class=\"elementor-button elementor-button-link elementor-size-sm\" href=\"https:\/\/maps.app.goo.gl\/CWSo9B9QMKHe8HLF7\">\n\t\t\t\t\t\t<span class=\"elementor-button-content-wrapper\">\n\t\t\t\t\t\t<span class=\"elementor-button-icon\">\n\t\t\t\t<svg aria-hidden=\"true\" class=\"e-font-icon-svg e-fas-map-marker-alt\" viewbox=\"0 0 384 512\" xmlns=\"http:\/\/www.w3.org\/2000\/svg\"><path d=\"M172.268 501.67C26.97 291.031 0 269.413 0 192 0 85.961 85.961 0 192 0s192 85.961 192 192c0 77.413-26.97 99.031-172.268 309.67-9.535 13.774-29.93 13.773-39.464 0zM192 272c44.183 0 80-35.817 80-80s-35.817-80-80-80-80 35.817-80 80 35.817 80 80 80z\"><\/path><\/svg>\t\t\t<\/span>\n\t\t\t\t\t\t\t\t\t<span class=\"elementor-button-text\">SEE HOW TO GET THERE<\/span>\n\t\t\t\t\t<\/span>\n\t\t\t\t\t<\/a>\n\t\t\t\t\t\t\t\t<\/div>\n\t\t\t\t<div class=\"elementor-element elementor-element-10cb494 elementor-widget elementor-widget-text-editor\" data-id=\"10cb494\" data-element_type=\"widget\" data-e-type=\"widget\" data-widget_type=\"text-editor.default\">\n\t\t\t\t\t\t\t\t\t<h4>Office:<\/h4>\n<p>+48 12 294 00 80<br>+48 505 595 605<br>+48 502 534 757<br>+48 501 414 984<\/p>\n<p>Serwis: <a href=\"mailto:serwis@gts-serwis.pl\">serwis@gts-serwis.pl<\/a><br>Salon: <a href=\"mailto:salon@gts-serwis.pl\">salon@gts-serwis.pl<\/a><br>Ksi\u0119gowo\u015b\u0107: <a href=\"mailto:ksiegowosc@gts-serwis.pl\">ksiegowosc@gts-serwis.pl<\/a><\/p>\n<h4>Opening hours<\/h4>\n<p>Monday - Friday: 10.00 am - 7.00 pm<br>Saturday: 9.00 a.m. - 2.00 p.m.<\/p>\n<h4>Community<\/h4>\n<p>Zach\u0119camy do \u015bledzenia nas w mediach spo\u0142eczno\u015bciowych, aby by\u0107 na bie\u017c\u0105co z nowo\u015bciami w GTS Serwis! Na Facebooku, Instagramie i kanale Youtube znajd\u0105 Pa\u0144stwo inspiracje, porady naszych ekspert\u00f3w, ciekawostki motoryzacyjne, a tak\u017ce relacje z realizacji naszych us\u0142ug dla samochod\u00f3w marek premium i bie\u017c\u0105ce akcje promocyjne.<\/p>\t\t\t\t\t\t\t\t<\/div>\n\t\t<div class=\"elementor-element elementor-element-69cac0e e-con-full e-grid e-con e-child\" data-id=\"69cac0e\" data-element_type=\"container\" data-e-type=\"container\">\n\t\t\t\t<div class=\"elementor-element elementor-element-4758785 elementor-widget__width-initial elementor-view-default elementor-widget elementor-widget-icon\" data-id=\"4758785\" data-element_type=\"widget\" data-e-type=\"widget\" data-widget_type=\"icon.default\">\n\t\t\t\t\t\t\t<div class=\"elementor-icon-wrapper\">\n\t\t\t<a class=\"elementor-icon\" href=\"https:\/\/www.facebook.com\/GTSserwis\/\">\n\t\t\t<svg aria-hidden=\"true\" class=\"e-font-icon-svg e-fab-facebook-square\" viewbox=\"0 0 448 512\" xmlns=\"http:\/\/www.w3.org\/2000\/svg\"><path d=\"M400 32H48A48 48 0 0 0 0 80v352a48 48 0 0 0 48 48h137.25V327.69h-63V256h63v-54.64c0-62.15 37-96.48 93.67-96.48 27.14 0 55.52 4.84 55.52 4.84v61h-31.27c-30.81 0-40.42 19.12-40.42 38.73V256h68.78l-11 71.69h-57.78V480H400a48 48 0 0 0 48-48V80a48 48 0 0 0-48-48z\"><\/path><\/svg>\t\t\t<\/a>\n\t\t<\/div>\n\t\t\t\t\t\t<\/div>\n\t\t\t\t<div class=\"elementor-element elementor-element-baba2fd elementor-widget__width-initial elementor-view-default elementor-widget elementor-widget-icon\" data-id=\"baba2fd\" data-element_type=\"widget\" data-e-type=\"widget\" data-widget_type=\"icon.default\">\n\t\t\t\t\t\t\t<div class=\"elementor-icon-wrapper\">\n\t\t\t<a class=\"elementor-icon\" href=\"https:\/\/www.instagram.com\/gts_serwis\/\">\n\t\t\t<svg aria-hidden=\"true\" class=\"e-font-icon-svg e-fab-instagram\" viewbox=\"0 0 448 512\" xmlns=\"http:\/\/www.w3.org\/2000\/svg\"><path d=\"M224.1 141c-63.6 0-114.9 51.3-114.9 114.9s51.3 114.9 114.9 114.9S339 319.5 339 255.9 287.7 141 224.1 141zm0 189.6c-41.1 0-74.7-33.5-74.7-74.7s33.5-74.7 74.7-74.7 74.7 33.5 74.7 74.7-33.6 74.7-74.7 74.7zm146.4-194.3c0 14.9-12 26.8-26.8 26.8-14.9 0-26.8-12-26.8-26.8s12-26.8 26.8-26.8 26.8 12 26.8 26.8zm76.1 27.2c-1.7-35.9-9.9-67.7-36.2-93.9-26.2-26.2-58-34.4-93.9-36.2-37-2.1-147.9-2.1-184.9 0-35.8 1.7-67.6 9.9-93.9 36.1s-34.4 58-36.2 93.9c-2.1 37-2.1 147.9 0 184.9 1.7 35.9 9.9 67.7 36.2 93.9s58 34.4 93.9 36.2c37 2.1 147.9 2.1 184.9 0 35.9-1.7 67.7-9.9 93.9-36.2 26.2-26.2 34.4-58 36.2-93.9 2.1-37 2.1-147.8 0-184.8zM398.8 388c-7.8 19.6-22.9 34.7-42.6 42.6-29.5 11.7-99.5 9-132.1 9s-102.7 2.6-132.1-9c-19.6-7.8-34.7-22.9-42.6-42.6-11.7-29.5-9-99.5-9-132.1s-2.6-102.7 9-132.1c7.8-19.6 22.9-34.7 42.6-42.6 29.5-11.7 99.5-9 132.1-9s102.7-2.6 132.1 9c19.6 7.8 34.7 22.9 42.6 42.6 11.7 29.5 9 99.5 9 132.1s2.7 102.7-9 132.1z\"><\/path><\/svg>\t\t\t<\/a>\n\t\t<\/div>\n\t\t\t\t\t\t<\/div>\n\t\t\t\t<div class=\"elementor-element elementor-element-a740a1f elementor-widget__width-initial elementor-view-default elementor-widget elementor-widget-icon\" data-id=\"a740a1f\" data-element_type=\"widget\" data-e-type=\"widget\" data-widget_type=\"icon.default\">\n\t\t\t\t\t\t\t<div class=\"elementor-icon-wrapper\">\n\t\t\t<a class=\"elementor-icon\" href=\"http:\/\/www.youtube.com\/@GTSserwis\">\n\t\t\t<svg aria-hidden=\"true\" class=\"e-font-icon-svg e-fab-youtube-square\" viewbox=\"0 0 448 512\" xmlns=\"http:\/\/www.w3.org\/2000\/svg\"><path d=\"M186.8 202.1l95.2 54.1-95.2 54.1V202.1zM448 80v352c0 26.5-21.5 48-48 48H48c-26.5 0-48-21.5-48-48V80c0-26.5 21.5-48 48-48h352c26.5 0 48 21.5 48 48zm-42 176.3s0-59.6-7.6-88.2c-4.2-15.8-16.5-28.2-32.2-32.4C337.9 128 224 128 224 128s-113.9 0-142.2 7.7c-15.7 4.2-28 16.6-32.2 32.4-7.6 28.5-7.6 88.2-7.6 88.2s0 59.6 7.6 88.2c4.2 15.8 16.5 27.7 32.2 31.9C110.1 384 224 384 224 384s113.9 0 142.2-7.7c15.7-4.2 28-16.1 32.2-31.9 7.6-28.5 7.6-88.1 7.6-88.1z\"><\/path><\/svg>\t\t\t<\/a>\n\t\t<\/div>\n\t\t\t\t\t\t<\/div>\n\t\t\t\t<\/div>\n\t\t\t\t<\/div>\n\t\t\t\t<\/div>\n\t\t<div class=\"elementor-element elementor-element-669c746 e-con-full e-flex e-con e-child\" data-id=\"669c746\" data-element_type=\"container\" data-e-type=\"container\">\n\t\t\t\t<div class=\"elementor-element elementor-element-93a2b4d elementor-widget elementor-widget-heading\" data-id=\"93a2b4d\" data-element_type=\"widget\" data-e-type=\"widget\" data-widget_type=\"heading.default\">\n\t\t\t\t\t<h4 class=\"elementor-heading-title elementor-size-default\"><h4>Write to us<\/h4><\/h4>\t\t\t\t<\/div>\n\t\t\t\t<div class=\"elementor-element elementor-element-287ac98 elementor-button-align-center elementor-widget elementor-widget-form\" data-id=\"287ac98\" data-element_type=\"widget\" data-e-type=\"widget\" data-settings=\"{&quot;step_next_label&quot;:&quot;Next&quot;,&quot;step_previous_label&quot;:&quot;Previous&quot;,&quot;step_type&quot;:&quot;number_text&quot;,&quot;step_icon_shape&quot;:&quot;circle&quot;}\" data-widget_type=\"form.default\">\n\t\t\t\t\t\t\t<form class=\"elementor-form\" method=\"post\" name=\"Kontakt Form\" aria-label=\"Kontakt Form\">\n\t\t\t<input type=\"hidden\" name=\"post_id\" value=\"21\"\/>\n\t\t\t<input type=\"hidden\" name=\"form_id\" value=\"287ac98\"\/>\n\t\t\t<input type=\"hidden\" name=\"referer_title\" value=\"GTS Serwis\" \/>\n\n\t\t\t\n\t\t\t<div class=\"elementor-form-fields-wrapper elementor-labels-above\">\n\t\t\t\t\t\t\t\t<div class=\"elementor-field-type-text elementor-field-group elementor-column elementor-field-group-vin elementor-col-100 elementor-field-required\">\n\t\t\t\t\t\t\t\t\t\t\t\t\t<input size=\"1\" type=\"text\" name=\"form_fields[vin]\" id=\"form-field-vin\" class=\"elementor-field elementor-size-md  elementor-field-textual\" placeholder=\"Enter the VIN number of your car *\" required=\"required\">\n\t\t\t\t\t\t\t\t\t\t\t<\/div>\n\t\t\t\t\t\t\t\t<div class=\"elementor-field-type-text elementor-field-group elementor-column elementor-field-group-field_a09969b elementor-col-100 elementor-field-required\">\n\t\t\t\t\t\t\t\t\t\t\t\t\t<input size=\"1\" type=\"text\" name=\"form_fields[field_a09969b]\" id=\"form-field-field_a09969b\" class=\"elementor-field elementor-size-md  elementor-field-textual\" placeholder=\"Name *\" required=\"required\">\n\t\t\t\t\t\t\t\t\t\t\t<\/div>\n\t\t\t\t\t\t\t\t<div class=\"elementor-field-type-email elementor-field-group elementor-column elementor-field-group-email elementor-col-100 elementor-field-required\">\n\t\t\t\t\t\t\t\t\t\t\t\t\t<input size=\"1\" type=\"email\" name=\"form_fields[email]\" id=\"form-field-email\" class=\"elementor-field elementor-size-md  elementor-field-textual\" placeholder=\"Email\" required=\"required\">\n\t\t\t\t\t\t\t\t\t\t\t<\/div>\n\t\t\t\t\t\t\t\t<div class=\"elementor-field-type-tel elementor-field-group elementor-column elementor-field-group-message elementor-col-100\">\n\t\t\t\t\t\t\t<input size=\"1\" type=\"tel\" name=\"form_fields[message]\" id=\"form-field-message\" class=\"elementor-field elementor-size-md  elementor-field-textual\" placeholder=\"Telephone number *\" pattern=\"[0-9()#&amp;+*-=.]+\" title=\"Only numbers and phone characters (#, -, *, etc) are accepted.\">\n\n\t\t\t\t\t\t<\/div>\n\t\t\t\t\t\t\t\t<div class=\"elementor-field-type-select elementor-field-group elementor-column elementor-field-group-field_d467641 elementor-col-100 elementor-field-required\">\n\t\t\t\t\t\t\t<div class=\"elementor-field elementor-select-wrapper remove-before\">\n\t\t\t<div class=\"select-caret-down-wrapper\">\n\t\t\t\t<svg aria-hidden=\"true\" class=\"e-font-icon-svg e-eicon-caret-down\" viewbox=\"0 0 571.4 571.4\" xmlns=\"http:\/\/www.w3.org\/2000\/svg\"><path d=\"M571 393Q571 407 561 418L311 668Q300 679 286 679T261 668L11 418Q0 407 0 393T11 368 36 357H536Q550 357 561 368T571 393Z\"><\/path><\/svg>\t\t\t<\/div>\n\t\t\t<select name=\"form_fields[field_d467641]\" id=\"form-field-field_d467641\" class=\"elementor-field-textual elementor-size-md\" required=\"required\">\n\t\t\t\t\t\t\t\t\t<option value=\"wybierz\">select<\/option>\n\t\t\t\t\t\t\t\t\t<option value=\"Zapytanie o serwis\">Service request<\/option>\n\t\t\t\t\t\t\t\t\t<option value=\"Zapytanie o cz\u0119\u015bci\">Request for parts<\/option>\n\t\t\t\t\t\t\t<\/select>\n\t\t<\/div>\n\t\t\t\t\t\t<\/div>\n\t\t\t\t\t\t\t\t<div class=\"elementor-field-type-text elementor-field-group elementor-column elementor-field-group-field_5e95d79 elementor-col-100\">\n\t\t\t\t\t\t\t\t\t\t\t\t\t<input size=\"1\" type=\"text\" name=\"form_fields[field_5e95d79]\" id=\"form-field-field_5e95d79\" class=\"elementor-field elementor-size-md  elementor-field-textual\" placeholder=\"Enter car brand\">\n\t\t\t\t\t\t\t\t\t\t\t<\/div>\n\t\t\t\t\t\t\t\t<div class=\"elementor-field-type-text elementor-field-group elementor-column elementor-field-group-field_44b1244 elementor-col-100\">\n\t\t\t\t\t\t\t\t\t\t\t\t\t<input size=\"1\" type=\"text\" name=\"form_fields[field_44b1244]\" id=\"form-field-field_44b1244\" class=\"elementor-field elementor-size-md  elementor-field-textual\" placeholder=\"Enter car model\">\n\t\t\t\t\t\t\t\t\t\t\t<\/div>\n\t\t\t\t\t\t\t\t<div class=\"elementor-field-type-number elementor-field-group elementor-column elementor-field-group-field_20333cd elementor-col-100\">\n\t\t\t\t\t\t\t\t<input type=\"number\" name=\"form_fields[field_20333cd]\" id=\"form-field-field_20333cd\" class=\"elementor-field elementor-size-md  elementor-field-textual\" placeholder=\"Enter the year of manufacture\" min=\"\" max=\"\" >\n\t\t\t\t\t\t<\/div>\n\t\t\t\t\t\t\t\t<div class=\"elementor-field-type-textarea elementor-field-group elementor-column elementor-field-group-field_bf29814 elementor-col-100\">\n\t\t\t\t\t<textarea class=\"elementor-field-textual elementor-field  elementor-size-md\" name=\"form_fields[field_bf29814]\" id=\"form-field-field_bf29814\" rows=\"4\" placeholder=\"Enter additional information, e.g. the name of the part or describe the problem.\"><\/textarea>\t\t\t\t<\/div>\n\t\t\t\t\t\t\t\t<div class=\"elementor-field-type-acceptance elementor-field-group elementor-column elementor-field-group-field_904064a elementor-col-100 elementor-field-required\">\n\t\t\t\t\t\t\t<div class=\"elementor-field-subgroup\">\n\t\t\t<span class=\"elementor-field-option\">\n\t\t\t\t<input type=\"checkbox\" name=\"form_fields[field_904064a]\" id=\"form-field-field_904064a\" class=\"elementor-field elementor-size-md  elementor-acceptance-field\" required=\"required\">\n\t\t\t\t<label for=\"form-field-field_904064a\"><small>I accept the rules regarding the confidentiality of my data. This policy can be found at <a href=\"https:\/\/gts-serwis.pl\/en\/privacy-policy\/\">privacy policy<\/a>.<\/label>\t\t\t<\/span>\n\t\t<\/div>\n\t\t\t\t\t\t<\/div>\n\t\t\t\t\t\t\t\t<div class=\"elementor-field-type-recaptcha_v3 elementor-field-group elementor-column elementor-field-group-field_ead7dc7 elementor-col-100 recaptcha_v3-bottomright\">\n\t\t\t\t\t<div class=\"elementor-field\" id=\"form-field-field_ead7dc7\"><div class=\"elementor-g-recaptcha\" data-sitekey=\"6Le_xcQpAAAAANYOOXUozTnEhZWZxOqytKn3bOjo\" data-type=\"v3\" data-action=\"Form\" data-badge=\"bottomright\" data-size=\"invisible\"><\/div><\/div>\t\t\t\t<\/div>\n\t\t\t\t\t\t\t\t<div class=\"elementor-field-group elementor-column elementor-field-type-submit elementor-col-100 e-form__buttons\">\n\t\t\t\t\t<button class=\"elementor-button elementor-size-lg\" type=\"submit\">\n\t\t\t\t\t\t<span class=\"elementor-button-content-wrapper\">\n\t\t\t\t\t\t\t\t\t\t\t\t\t\t\t<span class=\"elementor-button-icon\">\n\t\t\t\t\t\t\t\t\t<svg aria-hidden=\"true\" class=\"e-font-icon-svg e-far-caret-square-right\" viewbox=\"0 0 448 512\" xmlns=\"http:\/\/www.w3.org\/2000\/svg\"><path d=\"M176 354.9V157.1c0-10.7 13-16.1 20.5-8.5l98.3 98.9c4.7 4.7 4.7 12.2 0 16.9l-98.3 98.9c-7.5 7.7-20.5 2.3-20.5-8.4zM448 80v352c0 26.5-21.5 48-48 48H48c-26.5 0-48-21.5-48-48V80c0-26.5 21.5-48 48-48h352c26.5 0 48 21.5 48 48zm-48 346V86c0-3.3-2.7-6-6-6H54c-3.3 0-6 2.7-6 6v340c0 3.3 2.7 6 6 6h340c3.3 0 6-2.7 6-6z\"><\/path><\/svg>\t\t\t\t\t\t\t\t\t\t\t\t\t\t\t\t\t<\/span>\n\t\t\t\t\t\t\t\t\t\t\t\t\t\t\t\t\t\t\t\t\t\t<span class=\"elementor-button-text\">Send a message<\/span>\n\t\t\t\t\t\t\t\t\t\t\t\t\t<\/span>\n\t\t\t\t\t<\/button>\n\t\t\t\t<\/div>\n\t\t\t<\/div>\n\t\t<input type=\"hidden\" name=\"trp-form-language\" value=\"en\"\/><\/form>\n\t\t\t\t\t\t<\/div>\n\t\t\t\t<\/div>\n\t\t\t\t\t<\/div>\n\t\t\t\t<\/div>\n\t\t<div class=\"elementor-element elementor-element-ea53466 e-con-full e-flex e-con e-parent\" data-id=\"ea53466\" data-element_type=\"container\" data-e-type=\"container\">\n\t\t\t\t<div class=\"elementor-element elementor-element-5dbc4a6 elementor-widget elementor-widget-google_maps\" data-id=\"5dbc4a6\" data-element_type=\"widget\" data-e-type=\"widget\" data-widget_type=\"google_maps.default\">\n\t\t\t\t\t\t\t<div class=\"elementor-custom-embed\">\n\t\t\t<iframe loading=\"lazy\"\n\t\t\t\t\tsrc=\"https:\/\/maps.google.com\/maps?q=GTS%20Serwis%2C%20Krak%C3%B3w%2C%20Konopnickiej%2028&#038;t=m&#038;z=15&#038;output=embed&#038;iwloc=near\"\n\t\t\t\t\ttitle=\"GTS Serwis, Krak\u00f3w, Konopnicka 28\"\n\t\t\t\t\taria-label=\"GTS Serwis, Krak\u00f3w, Konopnicka 28\"\n\t\t\t><\/iframe>\n\t\t<\/div>\n\t\t\t\t\t\t<\/div>\n\t\t\t\t<\/div>\n\t\t\t\t<\/div>","protected":false},"excerpt":{"rendered":"<p>GTS Service<\/p>\n<p>28 Marii Konopnickiej Street<br \/>Level -1 of the Forum Hotel<br \/>30-302 Krak\u00f3w<\/p>\n<p>\t\t\t\t\t\t\t\t\tSEE HOW TO GET THERE<\/p>\n<p>\t\t\t\t\t\tOffice:<\/p>\n<p>+48 12 294 00 80<br \/>+48 505 595 605<br \/>+48 502 534 757<br \/>+48 501 414 984<\/p>\n<p>Serwis: serwis@gts-serwis.pl<br \/>Salon: salon@gts-serwis.pl<br \/>Ksi\u0119gowo\u015b\u0107: ksiegowosc@gts-serwis.pl<\/p>\n<p>Opening hours<\/p>\n<p>Monday - Friday: 10.00 am - 7.00 pm<br \/>Saturday: 9.00 a.m. - 2.00 p.m.<\/p>\n<p>Community<\/p>\n<p>Zach\u0119camy do \u015bledzenia nas w mediach spo\u0142eczno\u015bciowych, aby by\u0107 na bie\u017c\u0105co z nowo\u015bciami w GTS Serwis! Na Facebooku, Instagramie i kanale Youtube znajd\u0105 Pa\u0144stwo inspiracje, porady naszych ekspert\u00f3w, ciekawostki motoryzacyjne, a tak\u017ce relacje z realizacji naszych us\u0142ug dla samochod\u00f3w marek premium i bie\u017c\u0105ce akcje promocyjne.<\/p>\n<p>\t\t\t\t\t\t\tWrite to us\t\t\t\t\t\t\t<\/p>","protected":false},"author":1,"featured_media":0,"parent":0,"menu_order":9,"comment_status":"closed","ping_status":"open","template":"","meta":{"footnotes":""},"tags":[],"class_list":["post-21","page","type-page","status-publish","hentry"],"yoast_head":"<!-- This site is optimized with the Yoast SEO Premium plugin v23.4 (Yoast SEO v27.5) - https:\/\/yoast.com\/product\/yoast-seo-premium-wordpress\/ -->\n<title>GTS Serwis Kontakt i Rezerwacja Wizyty<\/title>\n<meta name=\"description\" content=\"Skontaktuj si\u0119 z GTS Serwis - niezale\u017cnym serwisem samochod\u00f3w PREMIUM w Krakowie. Um\u00f3w wizyt\u0119, zg\u0142o\u015b szkod\u0119 lub zapytaj o wycen\u0119. Zapraszamy!\" \/>\n<meta name=\"robots\" content=\"index, follow, max-snippet:-1, max-image-preview:large, max-video-preview:-1\" \/>\n<link rel=\"canonical\" href=\"https:\/\/gts-serwis.pl\/en\/contact\/\" \/>\n<meta property=\"og:locale\" content=\"en_GB\" \/>\n<meta property=\"og:type\" content=\"article\" \/>\n<meta property=\"og:title\" content=\"Kontakt\" \/>\n<meta property=\"og:description\" content=\"Skontaktuj si\u0119 z GTS Serwis - niezale\u017cnym serwisem samochod\u00f3w PREMIUM w Krakowie. Um\u00f3w wizyt\u0119, zg\u0142o\u015b szkod\u0119 lub zapytaj o wycen\u0119. Zapraszamy!\" \/>\n<meta property=\"og:url\" content=\"https:\/\/gts-serwis.pl\/en\/contact\/\" \/>\n<meta property=\"og:site_name\" content=\"GTS Serwis\" \/>\n<meta property=\"article:publisher\" content=\"https:\/\/www.facebook.com\/GTSserwis\" \/>\n<meta property=\"article:modified_time\" content=\"2025-11-06T17:51:30+00:00\" \/>\n<meta name=\"twitter:card\" content=\"summary_large_image\" \/>\n<meta name=\"twitter:label1\" content=\"Estimated reading time\" \/>\n\t<meta name=\"twitter:data1\" content=\"1 minute\" \/>\n<script type=\"application\/ld+json\" class=\"yoast-schema-graph\">{\"@context\":\"https:\\\/\\\/schema.org\",\"@graph\":[{\"@type\":\"WebPage\",\"@id\":\"https:\\\/\\\/gts-serwis.pl\\\/kontakt-z-gts-serwis\\\/\",\"url\":\"https:\\\/\\\/gts-serwis.pl\\\/kontakt-z-gts-serwis\\\/\",\"name\":\"GTS Serwis Kontakt i Rezerwacja Wizyty\",\"isPartOf\":{\"@id\":\"https:\\\/\\\/gts-serwis.pl\\\/#website\"},\"datePublished\":\"2013-12-27T10:29:33+00:00\",\"dateModified\":\"2025-11-06T17:51:30+00:00\",\"description\":\"Skontaktuj si\u0119 z GTS Serwis - niezale\u017cnym serwisem samochod\u00f3w PREMIUM w Krakowie. Um\u00f3w wizyt\u0119, zg\u0142o\u015b szkod\u0119 lub zapytaj o wycen\u0119. Zapraszamy!\",\"breadcrumb\":{\"@id\":\"https:\\\/\\\/gts-serwis.pl\\\/kontakt-z-gts-serwis\\\/#breadcrumb\"},\"inLanguage\":\"en-GB\",\"potentialAction\":[{\"@type\":\"ReadAction\",\"target\":[\"https:\\\/\\\/gts-serwis.pl\\\/kontakt-z-gts-serwis\\\/\"]}]},{\"@type\":\"BreadcrumbList\",\"@id\":\"https:\\\/\\\/gts-serwis.pl\\\/kontakt-z-gts-serwis\\\/#breadcrumb\",\"itemListElement\":[{\"@type\":\"ListItem\",\"position\":1,\"name\":\"Home\",\"item\":\"https:\\\/\\\/gts-serwis.pl\\\/\"},{\"@type\":\"ListItem\",\"position\":2,\"name\":\"Kontakt\"}]},{\"@type\":\"WebSite\",\"@id\":\"https:\\\/\\\/gts-serwis.pl\\\/#website\",\"url\":\"https:\\\/\\\/gts-serwis.pl\\\/\",\"name\":\"GTS Serwis\",\"description\":\"\",\"publisher\":{\"@id\":\"https:\\\/\\\/gts-serwis.pl\\\/#organization\"},\"potentialAction\":[{\"@type\":\"SearchAction\",\"target\":{\"@type\":\"EntryPoint\",\"urlTemplate\":\"https:\\\/\\\/gts-serwis.pl\\\/?s={search_term_string}\"},\"query-input\":{\"@type\":\"PropertyValueSpecification\",\"valueRequired\":true,\"valueName\":\"search_term_string\"}}],\"inLanguage\":\"en-GB\"},{\"@type\":\"Organization\",\"@id\":\"https:\\\/\\\/gts-serwis.pl\\\/#organization\",\"name\":\"GTS Serwis Krak\u00f3w\",\"url\":\"https:\\\/\\\/gts-serwis.pl\\\/\",\"logo\":{\"@type\":\"ImageObject\",\"inLanguage\":\"en-GB\",\"@id\":\"https:\\\/\\\/gts-serwis.pl\\\/#\\\/schema\\\/logo\\\/image\\\/\",\"url\":\"https:\\\/\\\/gts-serwis.pl\\\/wp-content\\\/uploads\\\/2024\\\/03\\\/GTSlogo_black.svg\",\"contentUrl\":\"https:\\\/\\\/gts-serwis.pl\\\/wp-content\\\/uploads\\\/2024\\\/03\\\/GTSlogo_black.svg\",\"width\":595,\"height\":841,\"caption\":\"GTS Serwis Krak\u00f3w\"},\"image\":{\"@id\":\"https:\\\/\\\/gts-serwis.pl\\\/#\\\/schema\\\/logo\\\/image\\\/\"},\"sameAs\":[\"https:\\\/\\\/www.facebook.com\\\/GTSserwis\",\"https:\\\/\\\/www.tiktok.com\\\/@gtsserwiskrakow\",\"https:\\\/\\\/www.youtube.com\\\/@GTSserwis\",\"https:\\\/\\\/www.instagram.com\\\/gts_serwis\\\/\"]}]}<\/script>\n<!-- \/ Yoast SEO Premium plugin. -->","yoast_head_json":{"title":"GTS Serwis Kontakt i Rezerwacja Wizyty","description":"Skontaktuj si\u0119 z GTS Serwis - niezale\u017cnym serwisem samochod\u00f3w PREMIUM w Krakowie. Um\u00f3w wizyt\u0119, zg\u0142o\u015b szkod\u0119 lub zapytaj o wycen\u0119. Zapraszamy!","robots":{"index":"index","follow":"follow","max-snippet":"max-snippet:-1","max-image-preview":"max-image-preview:large","max-video-preview":"max-video-preview:-1"},"canonical":"https:\/\/gts-serwis.pl\/en\/contact\/","og_locale":"en_GB","og_type":"article","og_title":"Kontakt","og_description":"Skontaktuj si\u0119 z GTS Serwis - niezale\u017cnym serwisem samochod\u00f3w PREMIUM w Krakowie. Um\u00f3w wizyt\u0119, zg\u0142o\u015b szkod\u0119 lub zapytaj o wycen\u0119. Zapraszamy!","og_url":"https:\/\/gts-serwis.pl\/en\/contact\/","og_site_name":"GTS Serwis","article_publisher":"https:\/\/www.facebook.com\/GTSserwis","article_modified_time":"2025-11-06T17:51:30+00:00","twitter_card":"summary_large_image","twitter_misc":{"Estimated reading time":"1 minute"},"schema":{"@context":"https:\/\/schema.org","@graph":[{"@type":"WebPage","@id":"https:\/\/gts-serwis.pl\/kontakt-z-gts-serwis\/","url":"https:\/\/gts-serwis.pl\/kontakt-z-gts-serwis\/","name":"GTS Serwis Kontakt i Rezerwacja Wizyty","isPartOf":{"@id":"https:\/\/gts-serwis.pl\/#website"},"datePublished":"2013-12-27T10:29:33+00:00","dateModified":"2025-11-06T17:51:30+00:00","description":"Skontaktuj si\u0119 z GTS Serwis - niezale\u017cnym serwisem samochod\u00f3w PREMIUM w Krakowie. Um\u00f3w wizyt\u0119, zg\u0142o\u015b szkod\u0119 lub zapytaj o wycen\u0119. Zapraszamy!","breadcrumb":{"@id":"https:\/\/gts-serwis.pl\/kontakt-z-gts-serwis\/#breadcrumb"},"inLanguage":"en-GB","potentialAction":[{"@type":"ReadAction","target":["https:\/\/gts-serwis.pl\/kontakt-z-gts-serwis\/"]}]},{"@type":"BreadcrumbList","@id":"https:\/\/gts-serwis.pl\/kontakt-z-gts-serwis\/#breadcrumb","itemListElement":[{"@type":"ListItem","position":1,"name":"Home","item":"https:\/\/gts-serwis.pl\/"},{"@type":"ListItem","position":2,"name":"Kontakt"}]},{"@type":"WebSite","@id":"https:\/\/gts-serwis.pl\/#website","url":"https:\/\/gts-serwis.pl\/","name":"GTS Serwis","description":"","publisher":{"@id":"https:\/\/gts-serwis.pl\/#organization"},"potentialAction":[{"@type":"SearchAction","target":{"@type":"EntryPoint","urlTemplate":"https:\/\/gts-serwis.pl\/?s={search_term_string}"},"query-input":{"@type":"PropertyValueSpecification","valueRequired":true,"valueName":"search_term_string"}}],"inLanguage":"en-GB"},{"@type":"Organization","@id":"https:\/\/gts-serwis.pl\/#organization","name":"GTS Serwis Krak\u00f3w","url":"https:\/\/gts-serwis.pl\/","logo":{"@type":"ImageObject","inLanguage":"en-GB","@id":"https:\/\/gts-serwis.pl\/#\/schema\/logo\/image\/","url":"https:\/\/gts-serwis.pl\/wp-content\/uploads\/2024\/03\/GTSlogo_black.svg","contentUrl":"https:\/\/gts-serwis.pl\/wp-content\/uploads\/2024\/03\/GTSlogo_black.svg","width":595,"height":841,"caption":"GTS Serwis Krak\u00f3w"},"image":{"@id":"https:\/\/gts-serwis.pl\/#\/schema\/logo\/image\/"},"sameAs":["https:\/\/www.facebook.com\/GTSserwis","https:\/\/www.tiktok.com\/@gtsserwiskrakow","https:\/\/www.youtube.com\/@GTSserwis","https:\/\/www.instagram.com\/gts_serwis\/"]}]}},"_links":{"self":[{"href":"https:\/\/gts-serwis.pl\/en\/wp-json\/wp\/v2\/pages\/21","targetHints":{"allow":["GET"]}}],"collection":[{"href":"https:\/\/gts-serwis.pl\/en\/wp-json\/wp\/v2\/pages"}],"about":[{"href":"https:\/\/gts-serwis.pl\/en\/wp-json\/wp\/v2\/types\/page"}],"author":[{"embeddable":true,"href":"https:\/\/gts-serwis.pl\/en\/wp-json\/wp\/v2\/users\/1"}],"replies":[{"embeddable":true,"href":"https:\/\/gts-serwis.pl\/en\/wp-json\/wp\/v2\/comments?post=21"}],"version-history":[{"count":76,"href":"https:\/\/gts-serwis.pl\/en\/wp-json\/wp\/v2\/pages\/21\/revisions"}],"predecessor-version":[{"id":3164,"href":"https:\/\/gts-serwis.pl\/en\/wp-json\/wp\/v2\/pages\/21\/revisions\/3164"}],"wp:attachment":[{"href":"https:\/\/gts-serwis.pl\/en\/wp-json\/wp\/v2\/media?parent=21"}],"wp:term":[{"taxonomy":"post_tag","embeddable":true,"href":"https:\/\/gts-serwis.pl\/en\/wp-json\/wp\/v2\/tags?post=21"}],"curies":[{"name":"wp","href":"https:\/\/api.w.org\/{rel}","templated":true}]}}