{"id":2062,"date":"2024-09-25T11:56:06","date_gmt":"2024-09-25T09:56:06","guid":{"rendered":"https:\/\/gts-serwis.pl\/?page_id=2062"},"modified":"2024-09-26T21:48:21","modified_gmt":"2024-09-26T19:48:21","slug":"gts-serwis","status":"publish","type":"page","link":"https:\/\/gts-serwis.pl\/en\/gts-service\/","title":{"rendered":"GTS Service"},"content":{"rendered":"<div data-elementor-type=\"wp-page\" data-elementor-id=\"2062\" class=\"elementor elementor-2062\" data-elementor-post-type=\"page\">\n\t\t\t\t<div class=\"elementor-element elementor-element-71503a8 e-flex e-con-boxed e-con e-parent\" data-id=\"71503a8\" data-element_type=\"container\" data-e-type=\"container\" data-settings=\"{&quot;background_background&quot;:&quot;classic&quot;}\">\n\t\t\t\t\t<div class=\"e-con-inner\">\n\t\t<div class=\"elementor-element elementor-element-4c10088 e-con-full e-flex e-con e-child\" data-id=\"4c10088\" data-element_type=\"container\" data-e-type=\"container\">\n\t\t<div class=\"elementor-element elementor-element-75120e8 e-con-full e-flex elementor-invisible e-con e-child\" data-id=\"75120e8\" data-element_type=\"container\" data-e-type=\"container\" data-settings=\"{&quot;animation&quot;:&quot;fadeIn&quot;}\">\n\t\t\t\t<div class=\"elementor-element elementor-element-828431f elementor-widget elementor-widget-image\" data-id=\"828431f\" data-element_type=\"widget\" data-e-type=\"widget\" data-widget_type=\"image.default\">\n\t\t\t\t\t\t\t\t\t\t\t\t\t\t\t<img loading=\"lazy\" decoding=\"async\" width=\"706\" height=\"761\" src=\"https:\/\/gts-serwis.pl\/wp-content\/uploads\/2024\/09\/Unnamed-4.jpeg\" class=\"attachment-large size-large wp-image-2067\" alt=\"\" srcset=\"https:\/\/gts-serwis.pl\/wp-content\/uploads\/2024\/09\/Unnamed-4.jpeg 706w, https:\/\/gts-serwis.pl\/wp-content\/uploads\/2024\/09\/Unnamed-4-278x300.jpeg 278w, https:\/\/gts-serwis.pl\/wp-content\/uploads\/2024\/09\/Unnamed-4-11x12.jpeg 11w\" sizes=\"auto, (max-width: 706px) 100vw, 706px\" \/>\t\t\t\t\t\t\t\t\t\t\t\t\t\t\t<\/div>\n\t\t\t\t<\/div>\n\t\t<div class=\"elementor-element elementor-element-551315e e-con-full e-flex elementor-invisible e-con e-child\" data-id=\"551315e\" data-element_type=\"container\" data-e-type=\"container\" data-settings=\"{&quot;background_background&quot;:&quot;classic&quot;,&quot;animation&quot;:&quot;fadeIn&quot;}\">\n\t\t\t\t<div class=\"elementor-element elementor-element-6f22260 elementor-widget elementor-widget-heading\" data-id=\"6f22260\" data-element_type=\"widget\" data-e-type=\"widget\" data-widget_type=\"heading.default\">\n\t\t\t\t\t<h1 class=\"elementor-heading-title elementor-size-default\"><h1>GTS Service<\/h1><\/h1>\t\t\t\t<\/div>\n\t\t\t\t<div class=\"elementor-element elementor-element-a5a22fa elementor-widget elementor-widget-text-editor\" data-id=\"a5a22fa\" data-element_type=\"widget\" data-e-type=\"widget\" data-widget_type=\"text-editor.default\">\n\t\t\t\t\t\t\t\t\t<p><b>Dear Customer!<\/b><\/p>\n<p>My greatest passion is unique and distinctive cars. I have managed to combine my love for elegant and fast vehicles with my professional work: I drive in the <b>Krakow<\/b> garage <b>GTS Service<\/b>.<\/p>\n<p><b>GTS Service<\/b> is &nbsp;<b>premium brand service<\/b>offering top quality services.<\/p>\n<p>I offer you 20 years of experience in servicing brands, i.e. <b>Bentley<\/b>, <b>Maserati<\/b>, <b>Ferrari<\/b>, <b>Range Rover<\/b>, <b>Jaguar<\/b>,&nbsp;<b>Porsche<\/b>, <b>Aston Martin<\/b>. Your car will be safe with us, as we have repaired many different models since we started our business, both the latest ones and the older classics that every car fan knows. We treat each case individually, approaching our tasks with passion and commitment.<\/p>\n<p>Benefit from our core specialisations:<\/p>\n<ul>\n<li>post-warranty service<\/li>\n<li>post-accident repairs<\/li>\n<li>replacement of parts<\/li>\n<\/ul>\n<p>Nothing is impossible in my work, as you can see by reading the feedback on the <b>GTS Service<\/b>The team will rescue any car, regardless of its age or condition. Together with my team, I will save any car, regardless of its age or condition.<\/p>\n<p>I invite you to visit the service. I will be happy to exchange experiences with you and help you repair your wagon.<\/p>\n<p><b>See you on the road!<\/b><\/p>\n<p><b><i>Bartek Gitis<\/i><\/b><\/p>\t\t\t\t\t\t\t\t<\/div>\n\t\t\t\t<\/div>\n\t\t\t\t<\/div>\n\t\t\t\t\t<\/div>\n\t\t\t\t<\/div>\n\t\t\t\t<\/div>","protected":false},"excerpt":{"rendered":"<p>\n\t\t\tGTS Service\t\t<\/p>\n<p><b>Dear Customer!<\/b><\/p>\n<p>My greatest passion is unique and distinctive cars. I have managed to combine my love for elegant and fast vehicles with my professional work: I drive in the <b>Krakow<\/b> garage <b>GTS Service<\/b>.<\/p>\n<p><b>GTS Service<\/b> is &nbsp;<b>premium brand service<\/b>offering top quality services.<\/p>\n<p>I offer you 20 years of experience in servicing brands, i.e. <b>Bentley<\/b>, <b>Maserati<\/b>, <b>Ferrari<\/b>, <b>Range Rover<\/b>, <b>Jaguar<\/b>,&nbsp;<b>Porsche<\/b>, <b>Aston Martin<\/b>. Your car will be safe with us, as we have repaired many different models since we started our business, both the latest ones and the older classics that every car fan knows. We treat each case individually, approaching our tasks with passion and commitment.<\/p>\n<p>Benefit from our core specialisations:<\/p>\n<ul>\n<li>post-warranty service<\/li>\n<li>post-accident repairs<\/li>\n<li>replacement of parts<\/li>\n<\/ul>\n<p>Nothing is impossible in my work, as you can see by reading the feedback on the <b>GTS Service<\/b>The team will rescue any car, regardless of its age or condition. Together with my team, I will save any car, regardless of its age or condition.<\/p>\n<p>I invite you to visit the service. I will be happy to exchange experiences with you and help you repair your wagon.<\/p>\n<p><b>See you on the road!<\/b><\/p>\n<p><b><i>Bartek Gitis<\/i><\/b><\/p>","protected":false},"author":1,"featured_media":0,"parent":0,"menu_order":0,"comment_status":"closed","ping_status":"closed","template":"","meta":{"footnotes":""},"tags":[],"class_list":["post-2062","page","type-page","status-publish","hentry"],"yoast_head":"<!-- This site is optimized with the Yoast SEO Premium plugin v23.4 (Yoast SEO v27.5) - https:\/\/yoast.com\/product\/yoast-seo-premium-wordpress\/ -->\n<title>GTS Serwis &#8226; GTS Serwis<\/title>\n<meta name=\"description\" content=\"GTS Serwis Krak\u00f3w. Serwis samochod\u00f3w ekskluzywnych marek. Maserati, Bentley, Land Rover, Aston Martin, Ferrari. Zadzwo\u0144 i um\u00f3w si\u0119 na wizyt\u0119.\" \/>\n<meta name=\"robots\" content=\"index, follow, max-snippet:-1, max-image-preview:large, max-video-preview:-1\" \/>\n<link rel=\"canonical\" href=\"https:\/\/gts-serwis.pl\/en\/gts-service\/\" \/>\n<meta property=\"og:locale\" content=\"en_GB\" \/>\n<meta property=\"og:type\" content=\"article\" \/>\n<meta property=\"og:title\" content=\"GTS Serwis\" \/>\n<meta property=\"og:description\" content=\"GTS Serwis Krak\u00f3w. Serwis samochod\u00f3w ekskluzywnych marek. Maserati, Bentley, Land Rover, Aston Martin, Ferrari. Zadzwo\u0144 i um\u00f3w si\u0119 na wizyt\u0119.\" \/>\n<meta property=\"og:url\" content=\"https:\/\/gts-serwis.pl\/en\/gts-service\/\" \/>\n<meta property=\"og:site_name\" content=\"GTS Serwis\" \/>\n<meta property=\"article:publisher\" content=\"https:\/\/www.facebook.com\/GTSserwis\" \/>\n<meta property=\"article:modified_time\" content=\"2024-09-26T19:48:21+00:00\" \/>\n<meta property=\"og:image\" content=\"https:\/\/gts-serwis.pl\/wp-content\/uploads\/2024\/09\/Unnamed-4.jpeg\" \/>\n<meta name=\"twitter:card\" content=\"summary_large_image\" \/>\n<meta name=\"twitter:label1\" content=\"Estimated reading time\" \/>\n\t<meta name=\"twitter:data1\" content=\"2 minutes\" \/>\n<script type=\"application\/ld+json\" class=\"yoast-schema-graph\">{\"@context\":\"https:\\\/\\\/schema.org\",\"@graph\":[{\"@type\":\"WebPage\",\"@id\":\"https:\\\/\\\/gts-serwis.pl\\\/gts-serwis\\\/\",\"url\":\"https:\\\/\\\/gts-serwis.pl\\\/gts-serwis\\\/\",\"name\":\"GTS Serwis &#8226; GTS Serwis\",\"isPartOf\":{\"@id\":\"https:\\\/\\\/gts-serwis.pl\\\/#website\"},\"primaryImageOfPage\":{\"@id\":\"https:\\\/\\\/gts-serwis.pl\\\/gts-serwis\\\/#primaryimage\"},\"image\":{\"@id\":\"https:\\\/\\\/gts-serwis.pl\\\/gts-serwis\\\/#primaryimage\"},\"thumbnailUrl\":\"https:\\\/\\\/gts-serwis.pl\\\/wp-content\\\/uploads\\\/2024\\\/09\\\/Unnamed-4.jpeg\",\"datePublished\":\"2024-09-25T09:56:06+00:00\",\"dateModified\":\"2024-09-26T19:48:21+00:00\",\"description\":\"GTS Serwis Krak\u00f3w. Serwis samochod\u00f3w ekskluzywnych marek. Maserati, Bentley, Land Rover, Aston Martin, Ferrari. Zadzwo\u0144 i um\u00f3w si\u0119 na wizyt\u0119.\",\"breadcrumb\":{\"@id\":\"https:\\\/\\\/gts-serwis.pl\\\/gts-serwis\\\/#breadcrumb\"},\"inLanguage\":\"en-GB\",\"potentialAction\":[{\"@type\":\"ReadAction\",\"target\":[\"https:\\\/\\\/gts-serwis.pl\\\/gts-serwis\\\/\"]}]},{\"@type\":\"ImageObject\",\"inLanguage\":\"en-GB\",\"@id\":\"https:\\\/\\\/gts-serwis.pl\\\/gts-serwis\\\/#primaryimage\",\"url\":\"https:\\\/\\\/gts-serwis.pl\\\/wp-content\\\/uploads\\\/2024\\\/09\\\/Unnamed-4.jpeg\",\"contentUrl\":\"https:\\\/\\\/gts-serwis.pl\\\/wp-content\\\/uploads\\\/2024\\\/09\\\/Unnamed-4.jpeg\"},{\"@type\":\"BreadcrumbList\",\"@id\":\"https:\\\/\\\/gts-serwis.pl\\\/gts-serwis\\\/#breadcrumb\",\"itemListElement\":[{\"@type\":\"ListItem\",\"position\":1,\"name\":\"Home\",\"item\":\"https:\\\/\\\/gts-serwis.pl\\\/\"},{\"@type\":\"ListItem\",\"position\":2,\"name\":\"GTS Serwis\"}]},{\"@type\":\"WebSite\",\"@id\":\"https:\\\/\\\/gts-serwis.pl\\\/#website\",\"url\":\"https:\\\/\\\/gts-serwis.pl\\\/\",\"name\":\"GTS Serwis\",\"description\":\"\",\"publisher\":{\"@id\":\"https:\\\/\\\/gts-serwis.pl\\\/#organization\"},\"potentialAction\":[{\"@type\":\"SearchAction\",\"target\":{\"@type\":\"EntryPoint\",\"urlTemplate\":\"https:\\\/\\\/gts-serwis.pl\\\/?s={search_term_string}\"},\"query-input\":{\"@type\":\"PropertyValueSpecification\",\"valueRequired\":true,\"valueName\":\"search_term_string\"}}],\"inLanguage\":\"en-GB\"},{\"@type\":\"Organization\",\"@id\":\"https:\\\/\\\/gts-serwis.pl\\\/#organization\",\"name\":\"GTS Serwis Krak\u00f3w\",\"url\":\"https:\\\/\\\/gts-serwis.pl\\\/\",\"logo\":{\"@type\":\"ImageObject\",\"inLanguage\":\"en-GB\",\"@id\":\"https:\\\/\\\/gts-serwis.pl\\\/#\\\/schema\\\/logo\\\/image\\\/\",\"url\":\"https:\\\/\\\/gts-serwis.pl\\\/wp-content\\\/uploads\\\/2024\\\/03\\\/GTSlogo_black.svg\",\"contentUrl\":\"https:\\\/\\\/gts-serwis.pl\\\/wp-content\\\/uploads\\\/2024\\\/03\\\/GTSlogo_black.svg\",\"width\":595,\"height\":841,\"caption\":\"GTS Serwis Krak\u00f3w\"},\"image\":{\"@id\":\"https:\\\/\\\/gts-serwis.pl\\\/#\\\/schema\\\/logo\\\/image\\\/\"},\"sameAs\":[\"https:\\\/\\\/www.facebook.com\\\/GTSserwis\",\"https:\\\/\\\/www.tiktok.com\\\/@gtsserwiskrakow\",\"https:\\\/\\\/www.youtube.com\\\/@GTSserwis\",\"https:\\\/\\\/www.instagram.com\\\/gts_serwis\\\/\"]}]}<\/script>\n<!-- \/ Yoast SEO Premium plugin. -->","yoast_head_json":{"title":"GTS Serwis &#8226; GTS Serwis","description":"GTS Serwis Krak\u00f3w. Serwis samochod\u00f3w ekskluzywnych marek. Maserati, Bentley, Land Rover, Aston Martin, Ferrari. Zadzwo\u0144 i um\u00f3w si\u0119 na wizyt\u0119.","robots":{"index":"index","follow":"follow","max-snippet":"max-snippet:-1","max-image-preview":"max-image-preview:large","max-video-preview":"max-video-preview:-1"},"canonical":"https:\/\/gts-serwis.pl\/en\/gts-service\/","og_locale":"en_GB","og_type":"article","og_title":"GTS Serwis","og_description":"GTS Serwis Krak\u00f3w. Serwis samochod\u00f3w ekskluzywnych marek. Maserati, Bentley, Land Rover, Aston Martin, Ferrari. Zadzwo\u0144 i um\u00f3w si\u0119 na wizyt\u0119.","og_url":"https:\/\/gts-serwis.pl\/en\/gts-service\/","og_site_name":"GTS Serwis","article_publisher":"https:\/\/www.facebook.com\/GTSserwis","article_modified_time":"2024-09-26T19:48:21+00:00","og_image":[{"url":"https:\/\/gts-serwis.pl\/wp-content\/uploads\/2024\/09\/Unnamed-4.jpeg","type":"","width":"","height":""}],"twitter_card":"summary_large_image","twitter_misc":{"Estimated reading time":"2 minutes"},"schema":{"@context":"https:\/\/schema.org","@graph":[{"@type":"WebPage","@id":"https:\/\/gts-serwis.pl\/gts-serwis\/","url":"https:\/\/gts-serwis.pl\/gts-serwis\/","name":"GTS Serwis &#8226; GTS Serwis","isPartOf":{"@id":"https:\/\/gts-serwis.pl\/#website"},"primaryImageOfPage":{"@id":"https:\/\/gts-serwis.pl\/gts-serwis\/#primaryimage"},"image":{"@id":"https:\/\/gts-serwis.pl\/gts-serwis\/#primaryimage"},"thumbnailUrl":"https:\/\/gts-serwis.pl\/wp-content\/uploads\/2024\/09\/Unnamed-4.jpeg","datePublished":"2024-09-25T09:56:06+00:00","dateModified":"2024-09-26T19:48:21+00:00","description":"GTS Serwis Krak\u00f3w. Serwis samochod\u00f3w ekskluzywnych marek. Maserati, Bentley, Land Rover, Aston Martin, Ferrari. Zadzwo\u0144 i um\u00f3w si\u0119 na wizyt\u0119.","breadcrumb":{"@id":"https:\/\/gts-serwis.pl\/gts-serwis\/#breadcrumb"},"inLanguage":"en-GB","potentialAction":[{"@type":"ReadAction","target":["https:\/\/gts-serwis.pl\/gts-serwis\/"]}]},{"@type":"ImageObject","inLanguage":"en-GB","@id":"https:\/\/gts-serwis.pl\/gts-serwis\/#primaryimage","url":"https:\/\/gts-serwis.pl\/wp-content\/uploads\/2024\/09\/Unnamed-4.jpeg","contentUrl":"https:\/\/gts-serwis.pl\/wp-content\/uploads\/2024\/09\/Unnamed-4.jpeg"},{"@type":"BreadcrumbList","@id":"https:\/\/gts-serwis.pl\/gts-serwis\/#breadcrumb","itemListElement":[{"@type":"ListItem","position":1,"name":"Home","item":"https:\/\/gts-serwis.pl\/"},{"@type":"ListItem","position":2,"name":"GTS Serwis"}]},{"@type":"WebSite","@id":"https:\/\/gts-serwis.pl\/#website","url":"https:\/\/gts-serwis.pl\/","name":"GTS Serwis","description":"","publisher":{"@id":"https:\/\/gts-serwis.pl\/#organization"},"potentialAction":[{"@type":"SearchAction","target":{"@type":"EntryPoint","urlTemplate":"https:\/\/gts-serwis.pl\/?s={search_term_string}"},"query-input":{"@type":"PropertyValueSpecification","valueRequired":true,"valueName":"search_term_string"}}],"inLanguage":"en-GB"},{"@type":"Organization","@id":"https:\/\/gts-serwis.pl\/#organization","name":"GTS Serwis Krak\u00f3w","url":"https:\/\/gts-serwis.pl\/","logo":{"@type":"ImageObject","inLanguage":"en-GB","@id":"https:\/\/gts-serwis.pl\/#\/schema\/logo\/image\/","url":"https:\/\/gts-serwis.pl\/wp-content\/uploads\/2024\/03\/GTSlogo_black.svg","contentUrl":"https:\/\/gts-serwis.pl\/wp-content\/uploads\/2024\/03\/GTSlogo_black.svg","width":595,"height":841,"caption":"GTS Serwis Krak\u00f3w"},"image":{"@id":"https:\/\/gts-serwis.pl\/#\/schema\/logo\/image\/"},"sameAs":["https:\/\/www.facebook.com\/GTSserwis","https:\/\/www.tiktok.com\/@gtsserwiskrakow","https:\/\/www.youtube.com\/@GTSserwis","https:\/\/www.instagram.com\/gts_serwis\/"]}]}},"_links":{"self":[{"href":"https:\/\/gts-serwis.pl\/en\/wp-json\/wp\/v2\/pages\/2062","targetHints":{"allow":["GET"]}}],"collection":[{"href":"https:\/\/gts-serwis.pl\/en\/wp-json\/wp\/v2\/pages"}],"about":[{"href":"https:\/\/gts-serwis.pl\/en\/wp-json\/wp\/v2\/types\/page"}],"author":[{"embeddable":true,"href":"https:\/\/gts-serwis.pl\/en\/wp-json\/wp\/v2\/users\/1"}],"replies":[{"embeddable":true,"href":"https:\/\/gts-serwis.pl\/en\/wp-json\/wp\/v2\/comments?post=2062"}],"version-history":[{"count":27,"href":"https:\/\/gts-serwis.pl\/en\/wp-json\/wp\/v2\/pages\/2062\/revisions"}],"predecessor-version":[{"id":2115,"href":"https:\/\/gts-serwis.pl\/en\/wp-json\/wp\/v2\/pages\/2062\/revisions\/2115"}],"wp:attachment":[{"href":"https:\/\/gts-serwis.pl\/en\/wp-json\/wp\/v2\/media?parent=2062"}],"wp:term":[{"taxonomy":"post_tag","embeddable":true,"href":"https:\/\/gts-serwis.pl\/en\/wp-json\/wp\/v2\/tags?post=2062"}],"curies":[{"name":"wp","href":"https:\/\/api.w.org\/{rel}","templated":true}]}}