{"id":1919,"date":"2024-09-19T19:44:16","date_gmt":"2024-09-19T17:44:16","guid":{"rendered":"https:\/\/gts-serwis.pl\/?page_id=1919"},"modified":"2024-09-25T09:46:37","modified_gmt":"2024-09-25T07:46:37","slug":"polityka-prywatnosci","status":"publish","type":"page","link":"https:\/\/gts-serwis.pl\/en\/privacy-policy\/","title":{"rendered":"Privacy policy"},"content":{"rendered":"<div data-elementor-type=\"wp-page\" data-elementor-id=\"1919\" class=\"elementor elementor-1919\" data-elementor-post-type=\"page\">\n\t\t\t\t<div class=\"elementor-element elementor-element-9afaec0 e-flex e-con-boxed e-con e-parent\" data-id=\"9afaec0\" data-element_type=\"container\" data-e-type=\"container\" data-settings=\"{&quot;background_background&quot;:&quot;classic&quot;}\">\n\t\t\t\t\t<div class=\"e-con-inner\">\n\t\t<div class=\"elementor-element elementor-element-1ee8d7a e-con-full e-flex e-con e-child\" data-id=\"1ee8d7a\" data-element_type=\"container\" data-e-type=\"container\" data-settings=\"{&quot;background_background&quot;:&quot;classic&quot;}\">\n\t\t\t\t<div class=\"elementor-element elementor-element-e444395 elementor-widget elementor-widget-text-editor\" data-id=\"e444395\" data-element_type=\"widget\" data-e-type=\"widget\" data-widget_type=\"text-editor.default\">\n\t\t\t\t\t\t\t\t\t<h1>Privacy and Cookies Policy<\/h1><p><strong>1. introduction<\/strong><\/p><p>This Privacy and Cookies Policy governs the processing and protection of personal data and the use of cookies in connection with the use of the gts-serwis.co.uk website (the \"Site\").<\/p><p><strong><br \/>2 Data Controller<\/strong><\/p><p>The administrator of the personal data is GTS Serwis Justyna Sundecka with its registered office in Krak\u00f3w, ul. Konopnickiej 28, (\"Administrator\").<\/p><p>\u00a0<\/p><p><strong>3 Collection and Processing of Data<\/strong><\/p><p>We collect and process personal data of users of the Site for the following purposes:<\/p><ul><li>Service delivery and enquiry handling<\/li><li>Website traffic analysis<\/li><li>Personalisation of advertising<\/li><\/ul><p>We only process data that is necessary for the above purposes.<br \/><br \/><\/p><p><strong>4 Legal Basis for Data Processing<\/strong><\/p><p>We process personal data on the basis of:<\/p><ul><li>User consents<\/li><li>Performing a contract or taking action at the request of the data subject prior to entering into a contract<\/li><li>Legitimate interest of the Administrator<\/li><\/ul><p><strong><br \/>5 Cookie files<\/strong><\/p><p>Our Website uses cookies for:<\/p><ul><li>Ensure the proper functioning of the Site<\/li><li>Website traffic analysis with Google Analytics 4<\/li><li>Google Ads personalisation<\/li><\/ul><p>The user can change their browser settings at any time to block or restrict the use of cookies.<\/p><p><br \/><strong>6. Google Analytics 4 and Google Ads<\/strong><\/p><p>Our website uses:<\/p><ul><li>Google Analytics 4 (GA4) for website traffic analysis<\/li><li>Google Ads for the display of personalised ads<\/li><\/ul><p>These tools may use cookies to collect information about how users use the Site.<\/p><p><br \/><strong>7 Users' rights<\/strong><\/p><p>Users have the right to:<\/p><ul><li>Access to your personal data<\/li><li>Rectification, erasure or restriction of data processing<\/li><li>Data transfer<\/li><li>Objection to processing<\/li><li>Withdrawal of consent to data processing<\/li><\/ul><p><strong><br \/>8 Data security<\/strong><\/p><p>We use appropriate technical and organisational measures to ensure the security of the personal data processed.<\/p><p><br \/><strong>9 Data sharing<\/strong><\/p><p>Personal data may be shared with entities that process it on our behalf, e.g. IT service providers, and entities authorised by law.<\/p><p><br \/><strong>10 Data Retention Period<\/strong><\/p><p>We keep your personal data for the period necessary to fulfil the purposes for which it was collected or until you withdraw your consent.<\/p><p><strong>11. Changes to the Privacy Policy<\/strong><\/p><p>We reserve the right to make changes to this Privacy Policy. We will inform users of any changes by posting an appropriate notice on the Site.<\/p><p><strong>12 Contact<\/strong><\/p><p>For data protection issues, you can contact us at: serwis@gts-serwis.pl.<\/p><p>Date of last update: 01.09.2025<\/p>\t\t\t\t\t\t\t\t<\/div>\n\t\t\t\t<\/div>\n\t\t\t\t\t<\/div>\n\t\t\t\t<\/div>\n\t\t\t\t<\/div>","protected":false},"excerpt":{"rendered":"<p>Privacy and Cookies Policy<\/p>\n<p><strong>1. introduction<\/strong><\/p>\n<p>This Privacy and Cookies Policy governs the processing and protection of personal data and the use of cookies in connection with the use of the gts-serwis.co.uk website (the \"Site\").<\/p>\n<p><strong><br \/>2 Data Controller<\/strong><\/p>\n<p>The administrator of the personal data is GTS Serwis Justyna Sundecka with its registered office in Krak\u00f3w, ul. Konopnickiej 28, (\"Administrator\").<\/p>\n<p>\u00a0<\/p>\n<p><strong>3 Collection and Processing of Data<\/strong><\/p>\n<p>We collect and process personal data of users of the Site for the following purposes:<\/p>\n<ul>\n<li>Service delivery and enquiry handling<\/li>\n<li>Website traffic analysis<\/li>\n<li>Personalisation of advertising<\/li>\n<\/ul>\n<p>We only process data that is necessary for the above purposes.<\/p>\n<p><strong>4 Legal Basis for Data Processing<\/strong><\/p>\n<p>We process personal data on the basis of:<\/p>\n<ul>\n<li>User consents<\/li>\n<li>Performing a contract or taking action at the request of the data subject prior to entering into a contract<\/li>\n<li>Legitimate interest of the Administrator<\/li>\n<\/ul>\n<p><strong><br \/>5 Cookie files<\/strong><\/p>\n<p>Our Website uses cookies for:<\/p>\n<ul>\n<li>Ensure the proper functioning of the Site<\/li>\n<li>Website traffic analysis with Google Analytics 4<\/li>\n<li>Google Ads personalisation<\/li>\n<\/ul>\n<p>The user can change their browser settings at any time to block or restrict the use of cookies.<\/p>\n<p><strong>6. Google Analytics 4 and Google Ads<\/strong><\/p>\n<p>Our website uses:<\/p>\n<ul>\n<li>Google Analytics 4 (GA4) for website traffic analysis<\/li>\n<li>Google Ads for the display of personalised ads<\/li>\n<\/ul>\n<p>These tools may use cookies to collect information about how users use the Site.<\/p>\n<p><strong>7 Users' rights<\/strong><\/p>\n<p>Users have the right to:<\/p>\n<ul>\n<li>Access to your personal data<\/li>\n<li>Rectification, erasure or restriction of data processing<\/li>\n<li>Data transfer<\/li>\n<li>Objection to processing<\/li>\n<li>Withdrawal of consent to data processing<\/li>\n<\/ul>\n<p><strong><br \/>8 Data security<\/strong><\/p>\n<p>We use appropriate technical and organisational measures to ensure the security of the personal data processed.<\/p>\n<p><strong>9 Data sharing<\/strong><\/p>\n<p>Personal data may be shared with entities that process it on our behalf, e.g. IT service providers, and entities authorised by law.<\/p>\n<p><strong>10 Data Retention Period<\/strong><\/p>\n<p>We keep your personal data for the period necessary to fulfil the purposes for which it was collected or until you withdraw your consent.<\/p>\n<p><strong>11. Changes to the Privacy Policy<\/strong><\/p>\n<p>We reserve the right to make changes to this Privacy Policy. We will inform users of any changes by posting an appropriate notice on the Site.<\/p>\n<p><strong>12 Contact<\/strong><\/p>\n<p>For data protection issues, you can contact us at: serwis@gts-serwis.pl.<\/p>\n<p>Date of last update: 01.09.2025<\/p>","protected":false},"author":1,"featured_media":0,"parent":0,"menu_order":0,"comment_status":"closed","ping_status":"closed","template":"","meta":{"footnotes":""},"tags":[],"class_list":["post-1919","page","type-page","status-publish","hentry"],"yoast_head":"<!-- This site is optimized with the Yoast SEO Premium plugin v23.4 (Yoast SEO v27.5) - https:\/\/yoast.com\/product\/yoast-seo-premium-wordpress\/ -->\n<title>Polityka prywatno\u015bci &#8226; GTS Serwis<\/title>\n<meta name=\"description\" content=\"GTS Serwis Krak\u00f3w. Serwis samochod\u00f3w ekskluzywnych marek. Maserati, Bentley, Land Rover, Aston Martin, Ferrari. Zadzwo\u0144 i um\u00f3w si\u0119 na wizyt\u0119.\" \/>\n<meta name=\"robots\" content=\"index, follow, max-snippet:-1, max-image-preview:large, max-video-preview:-1\" \/>\n<link rel=\"canonical\" href=\"https:\/\/gts-serwis.pl\/en\/privacy-policy\/\" \/>\n<meta property=\"og:locale\" content=\"en_GB\" \/>\n<meta property=\"og:type\" content=\"article\" \/>\n<meta property=\"og:title\" content=\"Polityka prywatno\u015bci\" \/>\n<meta property=\"og:description\" content=\"GTS Serwis Krak\u00f3w. Serwis samochod\u00f3w ekskluzywnych marek. Maserati, Bentley, Land Rover, Aston Martin, Ferrari. Zadzwo\u0144 i um\u00f3w si\u0119 na wizyt\u0119.\" \/>\n<meta property=\"og:url\" content=\"https:\/\/gts-serwis.pl\/en\/privacy-policy\/\" \/>\n<meta property=\"og:site_name\" content=\"GTS Serwis\" \/>\n<meta property=\"article:publisher\" content=\"https:\/\/www.facebook.com\/GTSserwis\" \/>\n<meta property=\"article:modified_time\" content=\"2024-09-25T07:46:37+00:00\" \/>\n<meta name=\"twitter:card\" content=\"summary_large_image\" \/>\n<meta name=\"twitter:label1\" content=\"Estimated reading time\" \/>\n\t<meta name=\"twitter:data1\" content=\"3 minutes\" \/>\n<script type=\"application\/ld+json\" class=\"yoast-schema-graph\">{\"@context\":\"https:\\\/\\\/schema.org\",\"@graph\":[{\"@type\":\"WebPage\",\"@id\":\"https:\\\/\\\/gts-serwis.pl\\\/polityka-prywatnosci\\\/\",\"url\":\"https:\\\/\\\/gts-serwis.pl\\\/polityka-prywatnosci\\\/\",\"name\":\"Polityka prywatno\u015bci &#8226; GTS Serwis\",\"isPartOf\":{\"@id\":\"https:\\\/\\\/gts-serwis.pl\\\/#website\"},\"datePublished\":\"2024-09-19T17:44:16+00:00\",\"dateModified\":\"2024-09-25T07:46:37+00:00\",\"description\":\"GTS Serwis Krak\u00f3w. Serwis samochod\u00f3w ekskluzywnych marek. Maserati, Bentley, Land Rover, Aston Martin, Ferrari. Zadzwo\u0144 i um\u00f3w si\u0119 na wizyt\u0119.\",\"breadcrumb\":{\"@id\":\"https:\\\/\\\/gts-serwis.pl\\\/polityka-prywatnosci\\\/#breadcrumb\"},\"inLanguage\":\"en-GB\",\"potentialAction\":[{\"@type\":\"ReadAction\",\"target\":[\"https:\\\/\\\/gts-serwis.pl\\\/polityka-prywatnosci\\\/\"]}]},{\"@type\":\"BreadcrumbList\",\"@id\":\"https:\\\/\\\/gts-serwis.pl\\\/polityka-prywatnosci\\\/#breadcrumb\",\"itemListElement\":[{\"@type\":\"ListItem\",\"position\":1,\"name\":\"Home\",\"item\":\"https:\\\/\\\/gts-serwis.pl\\\/\"},{\"@type\":\"ListItem\",\"position\":2,\"name\":\"Polityka prywatno\u015bci\"}]},{\"@type\":\"WebSite\",\"@id\":\"https:\\\/\\\/gts-serwis.pl\\\/#website\",\"url\":\"https:\\\/\\\/gts-serwis.pl\\\/\",\"name\":\"GTS Serwis\",\"description\":\"\",\"publisher\":{\"@id\":\"https:\\\/\\\/gts-serwis.pl\\\/#organization\"},\"potentialAction\":[{\"@type\":\"SearchAction\",\"target\":{\"@type\":\"EntryPoint\",\"urlTemplate\":\"https:\\\/\\\/gts-serwis.pl\\\/?s={search_term_string}\"},\"query-input\":{\"@type\":\"PropertyValueSpecification\",\"valueRequired\":true,\"valueName\":\"search_term_string\"}}],\"inLanguage\":\"en-GB\"},{\"@type\":\"Organization\",\"@id\":\"https:\\\/\\\/gts-serwis.pl\\\/#organization\",\"name\":\"GTS Serwis Krak\u00f3w\",\"url\":\"https:\\\/\\\/gts-serwis.pl\\\/\",\"logo\":{\"@type\":\"ImageObject\",\"inLanguage\":\"en-GB\",\"@id\":\"https:\\\/\\\/gts-serwis.pl\\\/#\\\/schema\\\/logo\\\/image\\\/\",\"url\":\"https:\\\/\\\/gts-serwis.pl\\\/wp-content\\\/uploads\\\/2024\\\/03\\\/GTSlogo_black.svg\",\"contentUrl\":\"https:\\\/\\\/gts-serwis.pl\\\/wp-content\\\/uploads\\\/2024\\\/03\\\/GTSlogo_black.svg\",\"width\":595,\"height\":841,\"caption\":\"GTS Serwis Krak\u00f3w\"},\"image\":{\"@id\":\"https:\\\/\\\/gts-serwis.pl\\\/#\\\/schema\\\/logo\\\/image\\\/\"},\"sameAs\":[\"https:\\\/\\\/www.facebook.com\\\/GTSserwis\",\"https:\\\/\\\/www.tiktok.com\\\/@gtsserwiskrakow\",\"https:\\\/\\\/www.youtube.com\\\/@GTSserwis\",\"https:\\\/\\\/www.instagram.com\\\/gts_serwis\\\/\"]}]}<\/script>\n<!-- \/ Yoast SEO Premium plugin. -->","yoast_head_json":{"title":"Polityka prywatno\u015bci &#8226; GTS Serwis","description":"GTS Serwis Krak\u00f3w. Serwis samochod\u00f3w ekskluzywnych marek. Maserati, Bentley, Land Rover, Aston Martin, Ferrari. Zadzwo\u0144 i um\u00f3w si\u0119 na wizyt\u0119.","robots":{"index":"index","follow":"follow","max-snippet":"max-snippet:-1","max-image-preview":"max-image-preview:large","max-video-preview":"max-video-preview:-1"},"canonical":"https:\/\/gts-serwis.pl\/en\/privacy-policy\/","og_locale":"en_GB","og_type":"article","og_title":"Polityka prywatno\u015bci","og_description":"GTS Serwis Krak\u00f3w. Serwis samochod\u00f3w ekskluzywnych marek. Maserati, Bentley, Land Rover, Aston Martin, Ferrari. Zadzwo\u0144 i um\u00f3w si\u0119 na wizyt\u0119.","og_url":"https:\/\/gts-serwis.pl\/en\/privacy-policy\/","og_site_name":"GTS Serwis","article_publisher":"https:\/\/www.facebook.com\/GTSserwis","article_modified_time":"2024-09-25T07:46:37+00:00","twitter_card":"summary_large_image","twitter_misc":{"Estimated reading time":"3 minutes"},"schema":{"@context":"https:\/\/schema.org","@graph":[{"@type":"WebPage","@id":"https:\/\/gts-serwis.pl\/polityka-prywatnosci\/","url":"https:\/\/gts-serwis.pl\/polityka-prywatnosci\/","name":"Polityka prywatno\u015bci &#8226; GTS Serwis","isPartOf":{"@id":"https:\/\/gts-serwis.pl\/#website"},"datePublished":"2024-09-19T17:44:16+00:00","dateModified":"2024-09-25T07:46:37+00:00","description":"GTS Serwis Krak\u00f3w. Serwis samochod\u00f3w ekskluzywnych marek. Maserati, Bentley, Land Rover, Aston Martin, Ferrari. Zadzwo\u0144 i um\u00f3w si\u0119 na wizyt\u0119.","breadcrumb":{"@id":"https:\/\/gts-serwis.pl\/polityka-prywatnosci\/#breadcrumb"},"inLanguage":"en-GB","potentialAction":[{"@type":"ReadAction","target":["https:\/\/gts-serwis.pl\/polityka-prywatnosci\/"]}]},{"@type":"BreadcrumbList","@id":"https:\/\/gts-serwis.pl\/polityka-prywatnosci\/#breadcrumb","itemListElement":[{"@type":"ListItem","position":1,"name":"Home","item":"https:\/\/gts-serwis.pl\/"},{"@type":"ListItem","position":2,"name":"Polityka prywatno\u015bci"}]},{"@type":"WebSite","@id":"https:\/\/gts-serwis.pl\/#website","url":"https:\/\/gts-serwis.pl\/","name":"GTS Serwis","description":"","publisher":{"@id":"https:\/\/gts-serwis.pl\/#organization"},"potentialAction":[{"@type":"SearchAction","target":{"@type":"EntryPoint","urlTemplate":"https:\/\/gts-serwis.pl\/?s={search_term_string}"},"query-input":{"@type":"PropertyValueSpecification","valueRequired":true,"valueName":"search_term_string"}}],"inLanguage":"en-GB"},{"@type":"Organization","@id":"https:\/\/gts-serwis.pl\/#organization","name":"GTS Serwis Krak\u00f3w","url":"https:\/\/gts-serwis.pl\/","logo":{"@type":"ImageObject","inLanguage":"en-GB","@id":"https:\/\/gts-serwis.pl\/#\/schema\/logo\/image\/","url":"https:\/\/gts-serwis.pl\/wp-content\/uploads\/2024\/03\/GTSlogo_black.svg","contentUrl":"https:\/\/gts-serwis.pl\/wp-content\/uploads\/2024\/03\/GTSlogo_black.svg","width":595,"height":841,"caption":"GTS Serwis Krak\u00f3w"},"image":{"@id":"https:\/\/gts-serwis.pl\/#\/schema\/logo\/image\/"},"sameAs":["https:\/\/www.facebook.com\/GTSserwis","https:\/\/www.tiktok.com\/@gtsserwiskrakow","https:\/\/www.youtube.com\/@GTSserwis","https:\/\/www.instagram.com\/gts_serwis\/"]}]}},"_links":{"self":[{"href":"https:\/\/gts-serwis.pl\/en\/wp-json\/wp\/v2\/pages\/1919","targetHints":{"allow":["GET"]}}],"collection":[{"href":"https:\/\/gts-serwis.pl\/en\/wp-json\/wp\/v2\/pages"}],"about":[{"href":"https:\/\/gts-serwis.pl\/en\/wp-json\/wp\/v2\/types\/page"}],"author":[{"embeddable":true,"href":"https:\/\/gts-serwis.pl\/en\/wp-json\/wp\/v2\/users\/1"}],"replies":[{"embeddable":true,"href":"https:\/\/gts-serwis.pl\/en\/wp-json\/wp\/v2\/comments?post=1919"}],"version-history":[{"count":10,"href":"https:\/\/gts-serwis.pl\/en\/wp-json\/wp\/v2\/pages\/1919\/revisions"}],"predecessor-version":[{"id":2061,"href":"https:\/\/gts-serwis.pl\/en\/wp-json\/wp\/v2\/pages\/1919\/revisions\/2061"}],"wp:attachment":[{"href":"https:\/\/gts-serwis.pl\/en\/wp-json\/wp\/v2\/media?parent=1919"}],"wp:term":[{"taxonomy":"post_tag","embeddable":true,"href":"https:\/\/gts-serwis.pl\/en\/wp-json\/wp\/v2\/tags?post=1919"}],"curies":[{"name":"wp","href":"https:\/\/api.w.org\/{rel}","templated":true}]}}