{"id":123,"date":"2014-01-17T11:53:41","date_gmt":"2014-01-17T10:53:41","guid":{"rendered":"https:\/\/gts-serwis.pl\/?page_id=123"},"modified":"2024-09-26T21:30:16","modified_gmt":"2024-09-26T19:30:16","slug":"czesci","status":"publish","type":"page","link":"https:\/\/gts-serwis.pl\/en\/parts\/","title":{"rendered":"Parts"},"content":{"rendered":"<div data-elementor-type=\"wp-page\" data-elementor-id=\"123\" class=\"elementor elementor-123\" data-elementor-post-type=\"page\">\n\t\t\t\t<div class=\"elementor-element elementor-element-5cb06c29 e-flex e-con-boxed e-con e-parent\" data-id=\"5cb06c29\" data-element_type=\"container\" data-settings=\"{&quot;background_background&quot;:&quot;classic&quot;}\">\n\t\t\t\t\t<div class=\"e-con-inner\">\n\t\t<div class=\"elementor-element elementor-element-dedefca e-flex e-con-boxed e-con e-child\" data-id=\"dedefca\" data-element_type=\"container\" data-settings=\"{&quot;background_background&quot;:&quot;classic&quot;}\">\n\t\t\t\t\t<div class=\"e-con-inner\">\n\t\t\t\t<div class=\"elementor-element elementor-element-93ec8ab elementor-widget elementor-widget-heading\" data-id=\"93ec8ab\" data-element_type=\"widget\" data-widget_type=\"heading.default\">\n\t\t\t\t\t<h1 class=\"elementor-heading-title elementor-size-default\"><h1>Spare parts<\/h1><\/h1>\t\t\t\t<\/div>\n\t\t\t\t<div class=\"elementor-element elementor-element-76d802c6 elementor-widget elementor-widget-text-editor\" data-id=\"76d802c6\" data-element_type=\"widget\" data-widget_type=\"text-editor.default\">\n\t\t\t\t\t\t\t\t\t<p>GTS Service offers specialised maintenance services, including parts replacement. Our service has original <strong>spare parts<\/strong>which we will adapt to your car model.<\/p>\n<p>If you need to replace faulty components, come to us. We offer a wide selection of variable parts for brands:&nbsp;<strong>Bentley, Ferrari, Porsche, Aston Martin, Maserati, Range Rover, Jaguar<\/strong>.<\/p>\n<p>Why is it so important to get the right parts for your car? Every car requires different parts. In order for it to run smoothly and for it to be truly safe and at the same time enjoyable to drive, it is important to ensure that all of our car's parts are fully usable. During the technical inspection, it can be determined whether any of them are suitable for replacement or can be repaired.<\/p>\n<p>It is therefore worth doing a regular inspection of the vehicle to ensure that it is indeed safe. It is extremely important to use <strong>original parts<\/strong>especially in the case of luxury brand cars. Substitutes for original parts will not be a good fit for the vehicle and therefore will not perform well. Selecting the right car components is the primary task of the service staff. At GTS, our specialists, who have extensive experience in servicing cars of various brands, will advise you on the best parts for your car model and when it is best to install them. During <strong>technical inspection<\/strong> we will determine when replacement can be undertaken. Premature is pointless and financially disadvantageous for the customer. At GTS, the most important thing for us is the customer, which is why we are reliable towards them. You can rely on us. Many years of working in the automotive industry have enabled us to forge good relationships with our customers and gain their trust.<\/p>\n<p>Are you looking for the right parts for your car? Are you wondering where in <strong>Krakow<\/strong> Can you find accessories and components perfectly matched to your car model? Then take advantage of the GTS Service offer! Our employees will take care of the technical inspection of your car and the selection of the right parts to make your car run smoothly again.<\/p>\t\t\t\t\t\t\t\t<\/div>\n\t\t\t\t\t<\/div>\n\t\t\t\t<\/div>\n\t\t\t\t\t<\/div>\n\t\t\t\t<\/div>\n\t\t\t\t<\/div>","protected":false},"excerpt":{"rendered":"<p>Spare parts\t\t<\/p>\n<p>GTS Service offers specialised maintenance services, including parts replacement. Our service has original <strong>spare parts<\/strong>which we will adapt to your car model.<\/p>\n<p>If you need to replace faulty components, come to us. We offer a wide selection of variable parts for brands:&nbsp;<strong>Bentley, Ferrari, Porsche, Aston Martin, Maserati, Range Rover, Jaguar<\/strong>.<\/p>\n<p>Why is it so important to get the right parts for your car? Every car requires different parts. In order for it to run smoothly and for it to be truly safe and at the same time enjoyable to drive, it is important to ensure that all of our car's parts are fully usable. During the technical inspection, it can be determined whether any of them are suitable for replacement or can be repaired.<\/p>\n<p>It is therefore worth doing a regular inspection of the vehicle to ensure that it is indeed safe. It is extremely important to use <strong>original parts<\/strong>especially in the case of luxury brand cars. Substitutes for original parts will not be a good fit for the vehicle and therefore will not perform well. Selecting the right car components is the primary task of the service staff. At GTS, our specialists, who have extensive experience in servicing cars of various brands, will advise you on the best parts for your car model and when it is best to install them. During <strong>technical inspection<\/strong> we will determine when replacement can be undertaken. Premature is pointless and financially disadvantageous for the customer. At GTS, the most important thing for us is the customer, which is why we are reliable towards them. You can rely on us. Many years of working in the automotive industry have enabled us to forge good relationships with our customers and gain their trust.<\/p>\n<p>Are you looking for the right parts for your car? Are you wondering where in <strong>Krakow<\/strong> Can you find accessories and components perfectly matched to your car model? Then take advantage of the GTS Service offer! Our employees will take care of the technical inspection of your car and the selection of the right parts to make your car run smoothly again.<\/p>","protected":false},"author":1,"featured_media":0,"parent":0,"menu_order":0,"comment_status":"closed","ping_status":"closed","template":"","meta":{"footnotes":""},"tags":[72,52,74,55,76,58,78,61,80,64,84,71,82,67],"class_list":["post-123","page","type-page","status-publish","hentry","tag-czesci-aston-martin","tag-czesci-aston-martin-krakow","tag-czesci-bentley","tag-czesci-bentley-krakow","tag-czesci-ferrari","tag-czesci-ferrari-krakow","tag-czesci-land-rover","tag-czesci-land-rover-krakow","tag-czesci-maserati","tag-czesci-maserati-krakow","tag-czesci-porsche","tag-czesci-porsche-krakow","tag-czesci-range-rover","tag-czesci-range-rover-krakow"],"yoast_head":"<!-- This site is optimized with the Yoast SEO Premium plugin v23.4 (Yoast SEO v27.3) - https:\/\/yoast.com\/product\/yoast-seo-premium-wordpress\/ -->\n<title>Cz\u0119\u015bci &#8226; GTS Serwis<\/title>\n<meta name=\"description\" content=\"Oryginalne cz\u0119\u015bci do luksusowych samochod\u00f3w w GTS Serwis Krak\u00f3w. Gwarantujemy najwy\u017csz\u0105 jako\u015b\u0107 i autentyczno\u015b\u0107 cz\u0119\u015bci do Maserati, Bentley, Land Rover, Aston Martin i Ferrari.\" \/>\n<meta name=\"robots\" content=\"index, follow, max-snippet:-1, max-image-preview:large, max-video-preview:-1\" \/>\n<link rel=\"canonical\" href=\"https:\/\/gts-serwis.pl\/en\/parts\/\" \/>\n<meta property=\"og:locale\" content=\"en_GB\" \/>\n<meta property=\"og:type\" content=\"article\" \/>\n<meta property=\"og:title\" content=\"Cz\u0119\u015bci\" \/>\n<meta property=\"og:description\" content=\"Oryginalne cz\u0119\u015bci do luksusowych samochod\u00f3w w GTS Serwis Krak\u00f3w. Gwarantujemy najwy\u017csz\u0105 jako\u015b\u0107 i autentyczno\u015b\u0107 cz\u0119\u015bci do Maserati, Bentley, Land Rover, Aston Martin i Ferrari.\" \/>\n<meta property=\"og:url\" content=\"https:\/\/gts-serwis.pl\/en\/parts\/\" \/>\n<meta property=\"og:site_name\" content=\"GTS Serwis\" \/>\n<meta property=\"article:publisher\" content=\"https:\/\/www.facebook.com\/GTSserwis\" \/>\n<meta property=\"article:modified_time\" content=\"2024-09-26T19:30:16+00:00\" \/>\n<meta name=\"twitter:card\" content=\"summary_large_image\" \/>\n<meta name=\"twitter:label1\" content=\"Estimated reading time\" \/>\n\t<meta name=\"twitter:data1\" content=\"2 minutes\" \/>\n<script type=\"application\/ld+json\" class=\"yoast-schema-graph\">{\"@context\":\"https:\\\/\\\/schema.org\",\"@graph\":[{\"@type\":\"WebPage\",\"@id\":\"https:\\\/\\\/gts-serwis.pl\\\/czesci\\\/\",\"url\":\"https:\\\/\\\/gts-serwis.pl\\\/czesci\\\/\",\"name\":\"Cz\u0119\u015bci &#8226; GTS Serwis\",\"isPartOf\":{\"@id\":\"https:\\\/\\\/gts-serwis.pl\\\/#website\"},\"datePublished\":\"2014-01-17T10:53:41+00:00\",\"dateModified\":\"2024-09-26T19:30:16+00:00\",\"description\":\"Oryginalne cz\u0119\u015bci do luksusowych samochod\u00f3w w GTS Serwis Krak\u00f3w. Gwarantujemy najwy\u017csz\u0105 jako\u015b\u0107 i autentyczno\u015b\u0107 cz\u0119\u015bci do Maserati, Bentley, Land Rover, Aston Martin i Ferrari.\",\"breadcrumb\":{\"@id\":\"https:\\\/\\\/gts-serwis.pl\\\/czesci\\\/#breadcrumb\"},\"inLanguage\":\"en-GB\",\"potentialAction\":[{\"@type\":\"ReadAction\",\"target\":[\"https:\\\/\\\/gts-serwis.pl\\\/czesci\\\/\"]}]},{\"@type\":\"BreadcrumbList\",\"@id\":\"https:\\\/\\\/gts-serwis.pl\\\/czesci\\\/#breadcrumb\",\"itemListElement\":[{\"@type\":\"ListItem\",\"position\":1,\"name\":\"Home\",\"item\":\"https:\\\/\\\/gts-serwis.pl\\\/\"},{\"@type\":\"ListItem\",\"position\":2,\"name\":\"Cz\u0119\u015bci\"}]},{\"@type\":\"WebSite\",\"@id\":\"https:\\\/\\\/gts-serwis.pl\\\/#website\",\"url\":\"https:\\\/\\\/gts-serwis.pl\\\/\",\"name\":\"GTS Serwis\",\"description\":\"\",\"publisher\":{\"@id\":\"https:\\\/\\\/gts-serwis.pl\\\/#organization\"},\"potentialAction\":[{\"@type\":\"SearchAction\",\"target\":{\"@type\":\"EntryPoint\",\"urlTemplate\":\"https:\\\/\\\/gts-serwis.pl\\\/?s={search_term_string}\"},\"query-input\":{\"@type\":\"PropertyValueSpecification\",\"valueRequired\":true,\"valueName\":\"search_term_string\"}}],\"inLanguage\":\"en-GB\"},{\"@type\":\"Organization\",\"@id\":\"https:\\\/\\\/gts-serwis.pl\\\/#organization\",\"name\":\"GTS Serwis Krak\u00f3w\",\"url\":\"https:\\\/\\\/gts-serwis.pl\\\/\",\"logo\":{\"@type\":\"ImageObject\",\"inLanguage\":\"en-GB\",\"@id\":\"https:\\\/\\\/gts-serwis.pl\\\/#\\\/schema\\\/logo\\\/image\\\/\",\"url\":\"https:\\\/\\\/gts-serwis.pl\\\/wp-content\\\/uploads\\\/2024\\\/03\\\/GTSlogo_black.svg\",\"contentUrl\":\"https:\\\/\\\/gts-serwis.pl\\\/wp-content\\\/uploads\\\/2024\\\/03\\\/GTSlogo_black.svg\",\"width\":595,\"height\":841,\"caption\":\"GTS Serwis Krak\u00f3w\"},\"image\":{\"@id\":\"https:\\\/\\\/gts-serwis.pl\\\/#\\\/schema\\\/logo\\\/image\\\/\"},\"sameAs\":[\"https:\\\/\\\/www.facebook.com\\\/GTSserwis\",\"https:\\\/\\\/www.tiktok.com\\\/@gtsserwiskrakow\",\"https:\\\/\\\/www.youtube.com\\\/@GTSserwis\",\"https:\\\/\\\/www.instagram.com\\\/gts_serwis\\\/\"]}]}<\/script>\n<!-- \/ Yoast SEO Premium plugin. -->","yoast_head_json":{"title":"Cz\u0119\u015bci &#8226; GTS Serwis","description":"Oryginalne cz\u0119\u015bci do luksusowych samochod\u00f3w w GTS Serwis Krak\u00f3w. Gwarantujemy najwy\u017csz\u0105 jako\u015b\u0107 i autentyczno\u015b\u0107 cz\u0119\u015bci do Maserati, Bentley, Land Rover, Aston Martin i Ferrari.","robots":{"index":"index","follow":"follow","max-snippet":"max-snippet:-1","max-image-preview":"max-image-preview:large","max-video-preview":"max-video-preview:-1"},"canonical":"https:\/\/gts-serwis.pl\/en\/parts\/","og_locale":"en_GB","og_type":"article","og_title":"Cz\u0119\u015bci","og_description":"Oryginalne cz\u0119\u015bci do luksusowych samochod\u00f3w w GTS Serwis Krak\u00f3w. Gwarantujemy najwy\u017csz\u0105 jako\u015b\u0107 i autentyczno\u015b\u0107 cz\u0119\u015bci do Maserati, Bentley, Land Rover, Aston Martin i Ferrari.","og_url":"https:\/\/gts-serwis.pl\/en\/parts\/","og_site_name":"GTS Serwis","article_publisher":"https:\/\/www.facebook.com\/GTSserwis","article_modified_time":"2024-09-26T19:30:16+00:00","twitter_card":"summary_large_image","twitter_misc":{"Estimated reading time":"2 minutes"},"schema":{"@context":"https:\/\/schema.org","@graph":[{"@type":"WebPage","@id":"https:\/\/gts-serwis.pl\/czesci\/","url":"https:\/\/gts-serwis.pl\/czesci\/","name":"Cz\u0119\u015bci &#8226; GTS Serwis","isPartOf":{"@id":"https:\/\/gts-serwis.pl\/#website"},"datePublished":"2014-01-17T10:53:41+00:00","dateModified":"2024-09-26T19:30:16+00:00","description":"Oryginalne cz\u0119\u015bci do luksusowych samochod\u00f3w w GTS Serwis Krak\u00f3w. Gwarantujemy najwy\u017csz\u0105 jako\u015b\u0107 i autentyczno\u015b\u0107 cz\u0119\u015bci do Maserati, Bentley, Land Rover, Aston Martin i Ferrari.","breadcrumb":{"@id":"https:\/\/gts-serwis.pl\/czesci\/#breadcrumb"},"inLanguage":"en-GB","potentialAction":[{"@type":"ReadAction","target":["https:\/\/gts-serwis.pl\/czesci\/"]}]},{"@type":"BreadcrumbList","@id":"https:\/\/gts-serwis.pl\/czesci\/#breadcrumb","itemListElement":[{"@type":"ListItem","position":1,"name":"Home","item":"https:\/\/gts-serwis.pl\/"},{"@type":"ListItem","position":2,"name":"Cz\u0119\u015bci"}]},{"@type":"WebSite","@id":"https:\/\/gts-serwis.pl\/#website","url":"https:\/\/gts-serwis.pl\/","name":"GTS Serwis","description":"","publisher":{"@id":"https:\/\/gts-serwis.pl\/#organization"},"potentialAction":[{"@type":"SearchAction","target":{"@type":"EntryPoint","urlTemplate":"https:\/\/gts-serwis.pl\/?s={search_term_string}"},"query-input":{"@type":"PropertyValueSpecification","valueRequired":true,"valueName":"search_term_string"}}],"inLanguage":"en-GB"},{"@type":"Organization","@id":"https:\/\/gts-serwis.pl\/#organization","name":"GTS Serwis Krak\u00f3w","url":"https:\/\/gts-serwis.pl\/","logo":{"@type":"ImageObject","inLanguage":"en-GB","@id":"https:\/\/gts-serwis.pl\/#\/schema\/logo\/image\/","url":"https:\/\/gts-serwis.pl\/wp-content\/uploads\/2024\/03\/GTSlogo_black.svg","contentUrl":"https:\/\/gts-serwis.pl\/wp-content\/uploads\/2024\/03\/GTSlogo_black.svg","width":595,"height":841,"caption":"GTS Serwis Krak\u00f3w"},"image":{"@id":"https:\/\/gts-serwis.pl\/#\/schema\/logo\/image\/"},"sameAs":["https:\/\/www.facebook.com\/GTSserwis","https:\/\/www.tiktok.com\/@gtsserwiskrakow","https:\/\/www.youtube.com\/@GTSserwis","https:\/\/www.instagram.com\/gts_serwis\/"]}]}},"_links":{"self":[{"href":"https:\/\/gts-serwis.pl\/en\/wp-json\/wp\/v2\/pages\/123","targetHints":{"allow":["GET"]}}],"collection":[{"href":"https:\/\/gts-serwis.pl\/en\/wp-json\/wp\/v2\/pages"}],"about":[{"href":"https:\/\/gts-serwis.pl\/en\/wp-json\/wp\/v2\/types\/page"}],"author":[{"embeddable":true,"href":"https:\/\/gts-serwis.pl\/en\/wp-json\/wp\/v2\/users\/1"}],"replies":[{"embeddable":true,"href":"https:\/\/gts-serwis.pl\/en\/wp-json\/wp\/v2\/comments?post=123"}],"version-history":[{"count":7,"href":"https:\/\/gts-serwis.pl\/en\/wp-json\/wp\/v2\/pages\/123\/revisions"}],"predecessor-version":[{"id":3161,"href":"https:\/\/gts-serwis.pl\/en\/wp-json\/wp\/v2\/pages\/123\/revisions\/3161"}],"wp:attachment":[{"href":"https:\/\/gts-serwis.pl\/en\/wp-json\/wp\/v2\/media?parent=123"}],"wp:term":[{"taxonomy":"post_tag","embeddable":true,"href":"https:\/\/gts-serwis.pl\/en\/wp-json\/wp\/v2\/tags?post=123"}],"curies":[{"name":"wp","href":"https:\/\/api.w.org\/{rel}","templated":true}]}}