{"id":119,"date":"2014-01-17T11:29:24","date_gmt":"2014-01-17T10:29:24","guid":{"rendered":"https:\/\/gts-serwis.pl\/?page_id=119"},"modified":"2025-10-27T18:17:06","modified_gmt":"2025-10-27T17:17:06","slug":"serwis-samochodow-marek-premium","status":"publish","type":"page","link":"https:\/\/gts-serwis.pl\/en\/service\/","title":{"rendered":"Service"},"content":{"rendered":"<div data-elementor-type=\"wp-page\" data-elementor-id=\"119\" class=\"elementor elementor-119\" data-elementor-post-type=\"page\">\n\t\t\t\t<div class=\"elementor-element elementor-element-60d169d e-flex e-con-boxed e-con e-parent\" data-id=\"60d169d\" data-element_type=\"container\" data-e-type=\"container\" data-settings=\"{&quot;background_background&quot;:&quot;classic&quot;}\">\n\t\t\t\t\t<div class=\"e-con-inner\">\n\t\t<div class=\"elementor-element elementor-element-dc92553 e-flex e-con-boxed e-con e-child\" data-id=\"dc92553\" data-element_type=\"container\" data-e-type=\"container\" data-settings=\"{&quot;background_background&quot;:&quot;classic&quot;}\">\n\t\t\t\t\t<div class=\"e-con-inner\">\n\t\t\t\t<div class=\"elementor-element elementor-element-8507baa elementor-widget elementor-widget-heading\" data-id=\"8507baa\" data-element_type=\"widget\" data-e-type=\"widget\" data-widget_type=\"heading.default\">\n\t\t\t\t\t<h2 class=\"elementor-heading-title elementor-size-default\"><h1>Serwis samochod\u00f3w premium<\/h1><\/h2>\t\t\t\t<\/div>\n\t\t\t\t<div class=\"elementor-element elementor-element-318e1ccc elementor-widget elementor-widget-text-editor\" data-id=\"318e1ccc\" data-element_type=\"widget\" data-e-type=\"widget\" data-widget_type=\"text-editor.default\">\n\t\t\t\t\t\t\t\t\t<p>Wiemy jakie oczekiwania stawiaj\u0105 serwisom Klienci posiadaj\u0105cy luksusowe i sportowe samochody. Wiemy tak\u017ce, jak powinien wygl\u0105da\u0107 serwis samochod\u00f3w marek premium.<\/p><p>Dlatego z dum\u0105 informujemy, \u017ce w GTS Serwis oferujemy kompleksow\u0105 obs\u0142ug\u0119 samochod\u00f3w premium, takich jak Porsche, Bentley, Aston Martin, Ferrari, Jaguar oraz Land Rover. Nasz zesp\u00f3\u0142 do\u015bwiadczonych fachowc\u00f3w dba o ka\u017cdy detal, zapewniaj\u0105c dzi\u0119ki temu najwy\u017csz\u0105 jako\u015b\u0107 us\u0142ug oraz pe\u0142ne bezpiecze\u0144stwo Pa\u0144stwa samochod\u00f3w.<\/p><h2>Dlaczego GTS Serwis to najlepszy serwis samochod\u00f3w marek premium?<\/h2><p>Decyduj\u0105c si\u0119 na GTS Serwis, otrzymuj\u0105 Pa\u0144stwo pe\u0142n\u0105, profesjonaln\u0105 obs\u0142ug\u0119 zar\u00f3wno od rutynowych przegl\u0105d\u00f3w po zaawansowane naprawy. Zesp\u00f3\u0142 naszych specjalist\u00f3w posiada wiedz\u0119 i do\u015bwiadczenie niezb\u0119dne do serwisowania najbardziej wymagaj\u0105cych pojazd\u00f3w.<\/p><p>\u0141\u0105czymy wysokie\u00a0<strong>standardy ASO<\/strong>\u00a0z konkurencyjnymi cenami \u2013 nasze us\u0142ugi s\u0105 zawsze ta\u0144sze ni\u017c w autoryzowanych stacjach, czasem nawet o po\u0142ow\u0119, przy zachowaniu tej samej jako\u015bci i precyzji wykonania.<\/p><h5>Kompleksowy serwis samochod\u00f3w premium<\/h5><p>W ramach naszego serwisu wykonujemy mi\u0119dzy innymi:<\/p><ul><li>naprawy uk\u0142adu kierowniczego, zawieszenia, hamulc\u00f3w i elektryki,<\/li><li>diagnostyk\u0119 komputerow\u0105 i przegl\u0105dy techniczne,<\/li><li>wymian\u0119 olej\u00f3w, filtr\u00f3w, sprz\u0119gie\u0142 i element\u00f3w eksploatacyjnych,<\/li><li>serwis i dezynfekcj\u0119 klimatyzacji, uzupe\u0142nianie czynnika i test szczelno\u015bci,<\/li><li>wymian\u0119 k\u00f3\u0142 i opon, wywa\u017canie oraz geometri\u0119 zawieszenia,<\/li><li>drobne naprawy kosmetyczne, detailing, us\u0142ugi blacharskie i lakiernicze,<\/li><li>przygotowanie auta przed zakupem lub przed przegl\u0105dem rejestracyjnym.<\/li><\/ul><h5>Samochody na gwarancji i dokumentacja zgodnie z GVO<\/h5><p>Wszystkie samochody b\u0119d\u0105ce na gwarancji serwisujemy zgodnie z wytycznymi producenta stosuj\u0105c si\u0119 do zalece\u0144 <strong>dyrektywy GVO<\/strong>. Ka\u017cd\u0105 wykonan\u0105 us\u0142ug\u0119 odpowiednio dokumentujemy w ksi\u0105\u017cce serwisowej pojazdu, dzi\u0119ki czemu zachowuj\u0105 Pa\u0144stwo <strong>gwarancj\u0119 producenta<\/strong>.<\/p><p>Dodatkowo ka\u017cda nasza us\u0142uga obj\u0119ta jest <strong>gwarancj\u0105 GTS Serwis<\/strong>, co potwierdza nasz\u0105 odpowiedzialno\u015b\u0107 i rzetelno\u015b\u0107.<\/p><h5>Floty i us\u0142uga door-to-door<\/h5><p>Z my\u015bl\u0105 o komforcie naszych klient\u00f3w oferujemy us\u0142ug\u0119\u00a0<a href=\"https:\/\/gts-serwis.pl\/en\/door-to-door\/\"><strong>door-to-door<\/strong><\/a>, dzi\u0119ki kt\u00f3rej odbieramy i odwozimy samoch\u00f3d spod Pa\u0144stwa domu lub firmy. W razie potrzeby zapewniamy nie tylko transport lawet\u0105 i holowanie, ale r\u00f3wnie\u017c <a href=\"https:\/\/gts-serwis.pl\/en\/car-rental\/\"><strong>wynajem samochodu zast\u0119pczego<\/strong><\/a>. Wszystko to po to, aby mogli Pa\u0144stwo zachowa\u0107 pe\u0142n\u0105 mobilno\u015b\u0107 na czas naprawy.<\/p><p>Obs\u0142ugujemy r\u00f3wnie\u017c\u00a0<strong>floty firmowe<\/strong>, gwarantuj\u0105c terminowo\u015b\u0107, elastyczno\u015b\u0107 i minimalizacj\u0119 formalno\u015bci.<\/p><h5><strong>Profesjonalizm, bezpiecze\u0144stwo i zaufanie<\/strong><\/h5><p>Jeste\u015bmy powa\u017cnym, odpowiedzialnym serwisem. Dysponujemy nowoczesnym sprz\u0119tem diagnostycznym, zatrudniamy wykwalifikowanych specjalist\u00f3w i posiadamy pe\u0142n\u0105 ochron\u0119 ubezpieczeniow\u0105, dzi\u0119ki czemu mog\u0105 Pa\u0144stwo powierzy\u0107 nam swoje auto z pe\u0142nym spokojem.<\/p><p>Naszym priorytetem jest <strong>uczciwo\u015b\u0107, transparentno\u015b\u0107 i indywidualne podej\u015bcie<\/strong> do ka\u017cdego Klienta.<\/p><p><em>Serdecznie zapraszamy Pa\u0144stwa do kontaktu z GTS Serwis. Serwisem marek premium gdzie profesjonalizm, do\u015bwiadczenie i dba\u0142o\u015b\u0107 o ka\u017cdy detal spotykaj\u0105 si\u0119 z komfortem i bezpiecze\u0144stwem, na jakie zas\u0142uguje ka\u017cdy samoch\u00f3d klasy premium.<\/em><\/p><p style=\"text-align: right;\"><em><a href=\"https:\/\/gts-serwis.pl\/wp-content\/uploads\/2025\/10\/GTS-logo-serwis-samochodow-premium.png\"><img loading=\"lazy\" decoding=\"async\" class=\"size-thumbnail wp-image-2839 alignnone\" src=\"https:\/\/gts-serwis.pl\/wp-content\/uploads\/2025\/10\/GTS-logo-serwis-samochodow-premium-150x150.png\" alt=\"GTS Serwis serwis samochod\u00f3w premium\" width=\"150\" height=\"150\" srcset=\"https:\/\/gts-serwis.pl\/wp-content\/uploads\/2025\/10\/GTS-logo-serwis-samochodow-premium-150x150.png 150w, https:\/\/gts-serwis.pl\/wp-content\/uploads\/2025\/10\/GTS-logo-serwis-samochodow-premium-300x300.png 300w, https:\/\/gts-serwis.pl\/wp-content\/uploads\/2025\/10\/GTS-logo-serwis-samochodow-premium-1024x1024.png 1024w, https:\/\/gts-serwis.pl\/wp-content\/uploads\/2025\/10\/GTS-logo-serwis-samochodow-premium-768x768.png 768w, https:\/\/gts-serwis.pl\/wp-content\/uploads\/2025\/10\/GTS-logo-serwis-samochodow-premium-12x12.png 12w, https:\/\/gts-serwis.pl\/wp-content\/uploads\/2025\/10\/GTS-logo-serwis-samochodow-premium.png 1102w\" sizes=\"auto, (max-width: 150px) 100vw, 150px\" \/><\/a>\u00a0 \u00a0 \u00a0 \u00a0 \u00a0 \u00a0<\/em><\/p>\t\t\t\t\t\t\t\t<\/div>\n\t\t\t\t\t<\/div>\n\t\t\t\t<\/div>\n\t\t\t\t\t<\/div>\n\t\t\t\t<\/div>\n\t\t\t\t<\/div>","protected":false},"excerpt":{"rendered":"<p>Serwis samochod\u00f3w premium<br \/>\nWiemy jakie oczekiwania stawiaj\u0105 serwisom Klienci posiadaj\u0105cy luksusowe i sportowe samochody. Wiemy tak\u017ce, jak powinien wygl\u0105da\u0107 serwis samochod\u00f3w marek premium.<\/p>\n<p>Dlatego z dum\u0105 informujemy, \u017ce w GTS Serwis oferujemy kompleksow\u0105 obs\u0142ug\u0119 samochod\u00f3w premium, takich jak Porsche, Bentley, Aston Martin, Ferrari, Jaguar oraz Land Rover. Nasz zesp\u00f3\u0142 do\u015bwiadczonych fachowc\u00f3w dba o ka\u017cdy detal, zapewniaj\u0105c dzi\u0119ki temu najwy\u017csz\u0105 jako\u015b\u0107 us\u0142ug oraz pe\u0142ne bezpiecze\u0144stwo Pa\u0144stwa samochod\u00f3w.<br \/>\nDlaczego GTS Serwis to najlepszy serwis samochod\u00f3w marek premium?<br \/>\nDecyduj\u0105c si\u0119 na GTS Serwis, otrzymuj\u0105 Pa\u0144stwo pe\u0142n\u0105, profesjonaln\u0105 obs\u0142ug\u0119 zar\u00f3wno od rutynowych przegl\u0105d\u00f3w po zaawansowane naprawy. Zesp\u00f3\u0142 naszych specjalist\u00f3w posiada wiedz\u0119 i do\u015bwiadczenie niezb\u0119dne do serwisowania najbardziej wymagaj\u0105cych pojazd\u00f3w.<\/p>\n<p>\u0141\u0105czymy wysokie\u00a0<strong>standardy ASO<\/strong>\u00a0z konkurencyjnymi cenami \u2013 nasze us\u0142ugi s\u0105 zawsze ta\u0144sze ni\u017c w autoryzowanych stacjach, czasem nawet o po\u0142ow\u0119, przy zachowaniu tej samej jako\u015bci i precyzji wykonania.<br \/>\nKompleksowy serwis samochod\u00f3w premium<br \/>\nW ramach naszego serwisu wykonujemy mi\u0119dzy innymi:<\/p>\n<ul>\n<li>naprawy uk\u0142adu kierowniczego, zawieszenia, hamulc\u00f3w i elektryki,<\/li>\n<li>diagnostyk\u0119 komputerow\u0105 i przegl\u0105dy techniczne,<\/li>\n<li>wymian\u0119 olej\u00f3w, filtr\u00f3w, sprz\u0119gie\u0142 i element\u00f3w eksploatacyjnych,<\/li>\n<li>serwis i dezynfekcj\u0119 klimatyzacji, uzupe\u0142nianie czynnika i test szczelno\u015bci,<\/li>\n<li>wymian\u0119 k\u00f3\u0142 i opon, wywa\u017canie oraz geometri\u0119 zawieszenia,<\/li>\n<li>drobne naprawy kosmetyczne, detailing, us\u0142ugi blacharskie i lakiernicze,<\/li>\n<li>przygotowanie auta przed zakupem lub przed przegl\u0105dem rejestracyjnym.<\/li>\n<\/ul>\n<p>Samochody na gwarancji i dokumentacja zgodnie z GVO<br \/>\nWszystkie samochody b\u0119d\u0105ce na gwarancji serwisujemy zgodnie z wytycznymi producenta stosuj\u0105c si\u0119 do zalece\u0144 <strong>dyrektywy GVO<\/strong>. Ka\u017cd\u0105 wykonan\u0105 us\u0142ug\u0119 odpowiednio dokumentujemy w ksi\u0105\u017cce serwisowej pojazdu, dzi\u0119ki czemu zachowuj\u0105 Pa\u0144stwo <strong>gwarancj\u0119 producenta<\/strong>.<\/p>\n<p>Dodatkowo ka\u017cda nasza us\u0142uga obj\u0119ta jest <strong>gwarancj\u0105 GTS Serwis<\/strong>, co potwierdza nasz\u0105 odpowiedzialno\u015b\u0107 i rzetelno\u015b\u0107.<br \/>\nFloty i us\u0142uga door-to-door<br \/>\nZ my\u015bl\u0105 o komforcie naszych klient\u00f3w oferujemy us\u0142ug\u0119\u00a0<strong>door-to-door<\/strong>, dzi\u0119ki kt\u00f3rej odbieramy i odwozimy samoch\u00f3d spod Pa\u0144stwa domu lub firmy. W razie potrzeby zapewniamy nie tylko transport lawet\u0105 i holowanie, ale r\u00f3wnie\u017c <strong>wynajem samochodu zast\u0119pczego<\/strong>. Wszystko to po to, aby mogli Pa\u0144stwo zachowa\u0107 pe\u0142n\u0105 mobilno\u015b\u0107 na czas naprawy.<\/p>\n<p>Obs\u0142ugujemy r\u00f3wnie\u017c\u00a0<strong>floty firmowe<\/strong>, gwarantuj\u0105c terminowo\u015b\u0107, elastyczno\u015b\u0107 i minimalizacj\u0119 formalno\u015bci.<br \/>\n<strong>Profesjonalizm, bezpiecze\u0144stwo i zaufanie<\/strong><br \/>\nJeste\u015bmy powa\u017cnym, odpowiedzialnym serwisem. Dysponujemy nowoczesnym sprz\u0119tem diagnostycznym, zatrudniamy wykwalifikowanych specjalist\u00f3w i posiadamy pe\u0142n\u0105 ochron\u0119 ubezpieczeniow\u0105, dzi\u0119ki czemu mog\u0105 Pa\u0144stwo powierzy\u0107 nam swoje auto z pe\u0142nym spokojem.<\/p>\n<p>Naszym priorytetem jest <strong>uczciwo\u015b\u0107, transparentno\u015b\u0107 i indywidualne podej\u015bcie<\/strong> do ka\u017cdego Klienta.<\/p>\n<p><em>Serdecznie zapraszamy Pa\u0144stwa do kontaktu z GTS Serwis. Serwisem marek premium gdzie profesjonalizm, do\u015bwiadczenie i dba\u0142o\u015b\u0107 o ka\u017cdy detal spotykaj\u0105 si\u0119 z komfortem i bezpiecze\u0144stwem, na jakie zas\u0142uguje ka\u017cdy samoch\u00f3d klasy premium.<\/em><\/p>\n<p style=\"text-align: right;\"><em>\u00a0 \u00a0 \u00a0 \u00a0 \u00a0 \u00a0<\/em><\/p>","protected":false},"author":1,"featured_media":0,"parent":0,"menu_order":0,"comment_status":"closed","ping_status":"closed","template":"","meta":{"footnotes":""},"tags":[50,53,56,59,62,68,69,65,73,51,75,54,77,57,79,60,176,81,63,85,70,179,83,66,175,178,174,177],"class_list":["post-119","page","type-page","status-publish","hentry","tag-aston-martin-krakow","tag-bentley-krakow","tag-ferrari-krakow","tag-land-rover-krakow","tag-maserati-krakow","tag-porsche","tag-porsche-krakow","tag-range-rover-krakow","tag-serwis-aston-martin","tag-serwis-aston-martin-krakow","tag-serwis-bentley","tag-serwis-bentley-krakow","tag-serwis-ferrari","tag-serwis-ferrari-krakow","tag-serwis-land-rover","tag-serwis-land-rover-krakow","tag-serwis-marek-premium","tag-serwis-maserati","tag-serwis-maserati-krakow","tag-serwis-porsche","tag-serwis-porsche-krakow","tag-serwis-premium-krakow","tag-serwis-range-rover","tag-serwis-range-rover-krakow","tag-serwis-samochodow-marek-premium","tag-serwis-samochodow-marek-premium-krakow","tag-serwis-samochodow-premium","tag-serwis-samochodow-premium-krakow"],"yoast_head":"<!-- This site is optimized with the Yoast SEO Premium plugin v23.4 (Yoast SEO v27.5) - https:\/\/yoast.com\/product\/yoast-seo-premium-wordpress\/ -->\n<title>Serwis samochod\u00f3w marek premium &#8226; GTS Serwis<\/title>\n<meta name=\"description\" content=\"Profesjonalny serwis samochod\u00f3w marek premium w GTS Serwis - Porsche, Maserati, Bentley, Land Rover, Aston Martin, Jaguar i Ferrari.\" \/>\n<meta name=\"robots\" content=\"index, follow, max-snippet:-1, max-image-preview:large, max-video-preview:-1\" \/>\n<link rel=\"canonical\" href=\"https:\/\/gts-serwis.pl\/en\/service\/\" \/>\n<meta property=\"og:locale\" content=\"en_GB\" \/>\n<meta property=\"og:type\" content=\"article\" \/>\n<meta property=\"og:title\" content=\"Serwis\" \/>\n<meta property=\"og:description\" content=\"Profesjonalny serwis samochod\u00f3w marek premium w GTS Serwis - Porsche, Maserati, Bentley, Land Rover, Aston Martin, Jaguar i Ferrari.\" \/>\n<meta property=\"og:url\" content=\"https:\/\/gts-serwis.pl\/en\/service\/\" \/>\n<meta property=\"og:site_name\" content=\"GTS Serwis\" \/>\n<meta property=\"article:publisher\" content=\"https:\/\/www.facebook.com\/GTSserwis\" \/>\n<meta property=\"article:modified_time\" content=\"2025-10-27T17:17:06+00:00\" \/>\n<meta property=\"og:image\" content=\"https:\/\/gts-serwis.pl\/wp-content\/uploads\/2025\/10\/GTS-logo-serwis-samochodow-premium-150x150.png\" \/>\n<meta name=\"twitter:card\" content=\"summary_large_image\" \/>\n<meta name=\"twitter:label1\" content=\"Estimated reading time\" \/>\n\t<meta name=\"twitter:data1\" content=\"3 minutes\" \/>\n<script type=\"application\/ld+json\" class=\"yoast-schema-graph\">{\"@context\":\"https:\\\/\\\/schema.org\",\"@graph\":[{\"@type\":\"WebPage\",\"@id\":\"https:\\\/\\\/gts-serwis.pl\\\/serwis-samochodow-marek-premium\\\/\",\"url\":\"https:\\\/\\\/gts-serwis.pl\\\/serwis-samochodow-marek-premium\\\/\",\"name\":\"Serwis samochod\u00f3w marek premium &#8226; GTS Serwis\",\"isPartOf\":{\"@id\":\"https:\\\/\\\/gts-serwis.pl\\\/#website\"},\"primaryImageOfPage\":{\"@id\":\"https:\\\/\\\/gts-serwis.pl\\\/serwis-samochodow-marek-premium\\\/#primaryimage\"},\"image\":{\"@id\":\"https:\\\/\\\/gts-serwis.pl\\\/serwis-samochodow-marek-premium\\\/#primaryimage\"},\"thumbnailUrl\":\"https:\\\/\\\/gts-serwis.pl\\\/wp-content\\\/uploads\\\/2025\\\/10\\\/GTS-logo-serwis-samochodow-premium-150x150.png\",\"datePublished\":\"2014-01-17T10:29:24+00:00\",\"dateModified\":\"2025-10-27T17:17:06+00:00\",\"description\":\"Profesjonalny serwis samochod\u00f3w marek premium w GTS Serwis - Porsche, Maserati, Bentley, Land Rover, Aston Martin, Jaguar i Ferrari.\",\"breadcrumb\":{\"@id\":\"https:\\\/\\\/gts-serwis.pl\\\/serwis-samochodow-marek-premium\\\/#breadcrumb\"},\"inLanguage\":\"en-GB\",\"potentialAction\":[{\"@type\":\"ReadAction\",\"target\":[\"https:\\\/\\\/gts-serwis.pl\\\/serwis-samochodow-marek-premium\\\/\"]}]},{\"@type\":\"ImageObject\",\"inLanguage\":\"en-GB\",\"@id\":\"https:\\\/\\\/gts-serwis.pl\\\/serwis-samochodow-marek-premium\\\/#primaryimage\",\"url\":\"https:\\\/\\\/gts-serwis.pl\\\/wp-content\\\/uploads\\\/2025\\\/10\\\/GTS-logo-serwis-samochodow-premium-150x150.png\",\"contentUrl\":\"https:\\\/\\\/gts-serwis.pl\\\/wp-content\\\/uploads\\\/2025\\\/10\\\/GTS-logo-serwis-samochodow-premium-150x150.png\"},{\"@type\":\"BreadcrumbList\",\"@id\":\"https:\\\/\\\/gts-serwis.pl\\\/serwis-samochodow-marek-premium\\\/#breadcrumb\",\"itemListElement\":[{\"@type\":\"ListItem\",\"position\":1,\"name\":\"Home\",\"item\":\"https:\\\/\\\/gts-serwis.pl\\\/\"},{\"@type\":\"ListItem\",\"position\":2,\"name\":\"Serwis\"}]},{\"@type\":\"WebSite\",\"@id\":\"https:\\\/\\\/gts-serwis.pl\\\/#website\",\"url\":\"https:\\\/\\\/gts-serwis.pl\\\/\",\"name\":\"GTS Serwis\",\"description\":\"\",\"publisher\":{\"@id\":\"https:\\\/\\\/gts-serwis.pl\\\/#organization\"},\"potentialAction\":[{\"@type\":\"SearchAction\",\"target\":{\"@type\":\"EntryPoint\",\"urlTemplate\":\"https:\\\/\\\/gts-serwis.pl\\\/?s={search_term_string}\"},\"query-input\":{\"@type\":\"PropertyValueSpecification\",\"valueRequired\":true,\"valueName\":\"search_term_string\"}}],\"inLanguage\":\"en-GB\"},{\"@type\":\"Organization\",\"@id\":\"https:\\\/\\\/gts-serwis.pl\\\/#organization\",\"name\":\"GTS Serwis Krak\u00f3w\",\"url\":\"https:\\\/\\\/gts-serwis.pl\\\/\",\"logo\":{\"@type\":\"ImageObject\",\"inLanguage\":\"en-GB\",\"@id\":\"https:\\\/\\\/gts-serwis.pl\\\/#\\\/schema\\\/logo\\\/image\\\/\",\"url\":\"https:\\\/\\\/gts-serwis.pl\\\/wp-content\\\/uploads\\\/2024\\\/03\\\/GTSlogo_black.svg\",\"contentUrl\":\"https:\\\/\\\/gts-serwis.pl\\\/wp-content\\\/uploads\\\/2024\\\/03\\\/GTSlogo_black.svg\",\"width\":595,\"height\":841,\"caption\":\"GTS Serwis Krak\u00f3w\"},\"image\":{\"@id\":\"https:\\\/\\\/gts-serwis.pl\\\/#\\\/schema\\\/logo\\\/image\\\/\"},\"sameAs\":[\"https:\\\/\\\/www.facebook.com\\\/GTSserwis\",\"https:\\\/\\\/www.tiktok.com\\\/@gtsserwiskrakow\",\"https:\\\/\\\/www.youtube.com\\\/@GTSserwis\",\"https:\\\/\\\/www.instagram.com\\\/gts_serwis\\\/\"]}]}<\/script>\n<!-- \/ Yoast SEO Premium plugin. -->","yoast_head_json":{"title":"Serwis samochod\u00f3w marek premium &#8226; GTS Serwis","description":"Profesjonalny serwis samochod\u00f3w marek premium w GTS Serwis - Porsche, Maserati, Bentley, Land Rover, Aston Martin, Jaguar i Ferrari.","robots":{"index":"index","follow":"follow","max-snippet":"max-snippet:-1","max-image-preview":"max-image-preview:large","max-video-preview":"max-video-preview:-1"},"canonical":"https:\/\/gts-serwis.pl\/en\/service\/","og_locale":"en_GB","og_type":"article","og_title":"Serwis","og_description":"Profesjonalny serwis samochod\u00f3w marek premium w GTS Serwis - Porsche, Maserati, Bentley, Land Rover, Aston Martin, Jaguar i Ferrari.","og_url":"https:\/\/gts-serwis.pl\/en\/service\/","og_site_name":"GTS Serwis","article_publisher":"https:\/\/www.facebook.com\/GTSserwis","article_modified_time":"2025-10-27T17:17:06+00:00","og_image":[{"url":"https:\/\/gts-serwis.pl\/wp-content\/uploads\/2025\/10\/GTS-logo-serwis-samochodow-premium-150x150.png","type":"","width":"","height":""}],"twitter_card":"summary_large_image","twitter_misc":{"Estimated reading time":"3 minutes"},"schema":{"@context":"https:\/\/schema.org","@graph":[{"@type":"WebPage","@id":"https:\/\/gts-serwis.pl\/serwis-samochodow-marek-premium\/","url":"https:\/\/gts-serwis.pl\/serwis-samochodow-marek-premium\/","name":"Serwis samochod\u00f3w marek premium &#8226; GTS Serwis","isPartOf":{"@id":"https:\/\/gts-serwis.pl\/#website"},"primaryImageOfPage":{"@id":"https:\/\/gts-serwis.pl\/serwis-samochodow-marek-premium\/#primaryimage"},"image":{"@id":"https:\/\/gts-serwis.pl\/serwis-samochodow-marek-premium\/#primaryimage"},"thumbnailUrl":"https:\/\/gts-serwis.pl\/wp-content\/uploads\/2025\/10\/GTS-logo-serwis-samochodow-premium-150x150.png","datePublished":"2014-01-17T10:29:24+00:00","dateModified":"2025-10-27T17:17:06+00:00","description":"Profesjonalny serwis samochod\u00f3w marek premium w GTS Serwis - Porsche, Maserati, Bentley, Land Rover, Aston Martin, Jaguar i Ferrari.","breadcrumb":{"@id":"https:\/\/gts-serwis.pl\/serwis-samochodow-marek-premium\/#breadcrumb"},"inLanguage":"en-GB","potentialAction":[{"@type":"ReadAction","target":["https:\/\/gts-serwis.pl\/serwis-samochodow-marek-premium\/"]}]},{"@type":"ImageObject","inLanguage":"en-GB","@id":"https:\/\/gts-serwis.pl\/serwis-samochodow-marek-premium\/#primaryimage","url":"https:\/\/gts-serwis.pl\/wp-content\/uploads\/2025\/10\/GTS-logo-serwis-samochodow-premium-150x150.png","contentUrl":"https:\/\/gts-serwis.pl\/wp-content\/uploads\/2025\/10\/GTS-logo-serwis-samochodow-premium-150x150.png"},{"@type":"BreadcrumbList","@id":"https:\/\/gts-serwis.pl\/serwis-samochodow-marek-premium\/#breadcrumb","itemListElement":[{"@type":"ListItem","position":1,"name":"Home","item":"https:\/\/gts-serwis.pl\/"},{"@type":"ListItem","position":2,"name":"Serwis"}]},{"@type":"WebSite","@id":"https:\/\/gts-serwis.pl\/#website","url":"https:\/\/gts-serwis.pl\/","name":"GTS Serwis","description":"","publisher":{"@id":"https:\/\/gts-serwis.pl\/#organization"},"potentialAction":[{"@type":"SearchAction","target":{"@type":"EntryPoint","urlTemplate":"https:\/\/gts-serwis.pl\/?s={search_term_string}"},"query-input":{"@type":"PropertyValueSpecification","valueRequired":true,"valueName":"search_term_string"}}],"inLanguage":"en-GB"},{"@type":"Organization","@id":"https:\/\/gts-serwis.pl\/#organization","name":"GTS Serwis Krak\u00f3w","url":"https:\/\/gts-serwis.pl\/","logo":{"@type":"ImageObject","inLanguage":"en-GB","@id":"https:\/\/gts-serwis.pl\/#\/schema\/logo\/image\/","url":"https:\/\/gts-serwis.pl\/wp-content\/uploads\/2024\/03\/GTSlogo_black.svg","contentUrl":"https:\/\/gts-serwis.pl\/wp-content\/uploads\/2024\/03\/GTSlogo_black.svg","width":595,"height":841,"caption":"GTS Serwis Krak\u00f3w"},"image":{"@id":"https:\/\/gts-serwis.pl\/#\/schema\/logo\/image\/"},"sameAs":["https:\/\/www.facebook.com\/GTSserwis","https:\/\/www.tiktok.com\/@gtsserwiskrakow","https:\/\/www.youtube.com\/@GTSserwis","https:\/\/www.instagram.com\/gts_serwis\/"]}]}},"_links":{"self":[{"href":"https:\/\/gts-serwis.pl\/en\/wp-json\/wp\/v2\/pages\/119","targetHints":{"allow":["GET"]}}],"collection":[{"href":"https:\/\/gts-serwis.pl\/en\/wp-json\/wp\/v2\/pages"}],"about":[{"href":"https:\/\/gts-serwis.pl\/en\/wp-json\/wp\/v2\/types\/page"}],"author":[{"embeddable":true,"href":"https:\/\/gts-serwis.pl\/en\/wp-json\/wp\/v2\/users\/1"}],"replies":[{"embeddable":true,"href":"https:\/\/gts-serwis.pl\/en\/wp-json\/wp\/v2\/comments?post=119"}],"version-history":[{"count":101,"href":"https:\/\/gts-serwis.pl\/en\/wp-json\/wp\/v2\/pages\/119\/revisions"}],"predecessor-version":[{"id":2889,"href":"https:\/\/gts-serwis.pl\/en\/wp-json\/wp\/v2\/pages\/119\/revisions\/2889"}],"wp:attachment":[{"href":"https:\/\/gts-serwis.pl\/en\/wp-json\/wp\/v2\/media?parent=119"}],"wp:term":[{"taxonomy":"post_tag","embeddable":true,"href":"https:\/\/gts-serwis.pl\/en\/wp-json\/wp\/v2\/tags?post=119"}],"curies":[{"name":"wp","href":"https:\/\/api.w.org\/{rel}","templated":true}]}}